{"id":1169,"date":"2020-04-01T10:22:33","date_gmt":"2020-04-01T10:22:33","guid":{"rendered":"https:\/\/www.belvedereelba.it\/home\/"},"modified":"2025-02-11T13:06:16","modified_gmt":"2025-02-11T12:06:16","slug":"home","status":"publish","type":"page","link":"https:\/\/www.belvedereelba.it\/de\/","title":{"rendered":"Home"},"content":{"rendered":"\t\t<div data-elementor-type=\"wp-page\" data-elementor-id=\"1169\" class=\"elementor elementor-1169 elementor-8\">\n\t\t\t\t\t\t<section class=\"elementor-section elementor-top-section elementor-element elementor-element-f356b9f elementor-section-boxed elementor-section-height-default elementor-section-height-default\" data-id=\"f356b9f\" data-element_type=\"section\" data-e-type=\"section\">\n\t\t\t\t\t\t<div class=\"elementor-container elementor-column-gap-default\">\n\t\t\t\t\t<div class=\"elementor-column elementor-col-100 elementor-top-column elementor-element elementor-element-08cf411\" data-id=\"08cf411\" data-element_type=\"column\" data-e-type=\"column\">\n\t\t\t<div class=\"elementor-widget-wrap elementor-element-populated\">\n\t\t\t\t\t\t<div class=\"elementor-element elementor-element-64fa51e elementor-widget elementor-widget-sidebar\" data-id=\"64fa51e\" data-element_type=\"widget\" data-e-type=\"widget\" data-widget_type=\"sidebar.default\">\n\t\t\t\t<div class=\"elementor-widget-container\">\n\t\t\t\t\t<aside id=\"custom_html-3\" class=\"widget_text widget widget_custom_html\"><div class=\"textwidget custom-html-widget\"><div class=\"quickSearch\"><\/div>\r\n\r\n<script type=\"text\/javascript\">\r\n\u2003\u2003jQuery(document).ready(function () {\r\n\r\n\u2003\u2003\u2003\u2003jQuery(\".quickSearch\").HNetBOL({\r\n\u2003\u2003\u2003\u2003\u2003\u2003hotel: 9686,\r\n\u2003\u2003\u2003\u2003\u2003\u2003hasPromo: true,\r\n\u2003\u2003\u2003\u2003\u2003\u2003maxNights: 30,\r\n\u2003\u2003\u2003\u2003\u2003\u2003maxAdults: 4,\r\n\u2003\u2003\u2003\u2003\u2003\u2003maxRooms: 4,\r\n\u2003\u2003\u2003\u2003\u2003\u2003maxChildren: 3,\r\n\u2003\u2003\u2003\u2003\u2003\u2003maxChildAge: 12,\r\n\u2003\u2003\u2003\u2003\u2003\u2003language: \"de\",\r\n\u2003\u2003\u2003\u2003\u2003\u2003forceVertical: false,\r\n\u2003\u2003\u2003\u2003\u2003\u2003hasBestPrice: true,\r\n\u2003\u2003\u2003\u2003\u2003\u2003availableDate: \"2021-4-27\",\r\n\u2003\u2003\u2003\u2003\u2003\u2003themeActionColor: \"#428bca\",\r\n\u2003\u2003\u2003\u2003\u2003\u2003themeActionTextColor: \"#000000\",\r\n\u2003\u2003\u2003\u2003\u2003\u2003hideBestPriceAfter: 30,\r\n\u2003\u2003\u2003\u2003\u2003\u2003openMode: 3,\r\n\u2003\u2003\u2003\u2003\u2003\u2003popupWidth: 1100,\r\n\u2003\u2003\u2003\u2003\u2003\u2003popupHeight: 650\r\n\u2003\u2003\u2003\u2003});\r\n\u2003\u2003});\r\n<\/script><\/div><\/aside>\t\t\t\t<\/div>\n\t\t\t\t<\/div>\n\t\t\t\t\t<\/div>\n\t\t<\/div>\n\t\t\t\t\t<\/div>\n\t\t<\/section>\n\t\t\t\t<section class=\"elementor-section elementor-top-section elementor-element elementor-element-4e73c45 elementor-section-full_width elementor-section-content-middle elementor-section-stretched elementor-section-height-default elementor-section-height-default\" data-id=\"4e73c45\" data-element_type=\"section\" data-e-type=\"section\" data-settings=\"{&quot;stretch_section&quot;:&quot;section-stretched&quot;}\">\n\t\t\t\t\t\t<div class=\"elementor-container elementor-column-gap-no\">\n\t\t\t\t\t<div class=\"elementor-column elementor-col-50 elementor-top-column elementor-element elementor-element-2e68d13\" data-id=\"2e68d13\" data-element_type=\"column\" data-e-type=\"column\" data-settings=\"{&quot;background_background&quot;:&quot;classic&quot;}\">\n\t\t\t<div class=\"elementor-widget-wrap elementor-element-populated\">\n\t\t\t\t\t\t<div class=\"elementor-element elementor-element-1352330 elementor-widget elementor-widget-text-editor\" data-id=\"1352330\" data-element_type=\"widget\" data-e-type=\"widget\" data-widget_type=\"text-editor.default\">\n\t\t\t\t<div class=\"elementor-widget-container\">\n\t\t\t\t\t\t\t\t\t<h2>Gute Gr\u00fcnde um zu uns zu kommen<\/h2>\t\t\t\t\t\t\t\t<\/div>\n\t\t\t\t<\/div>\n\t\t\t\t<div class=\"elementor-element elementor-element-8263a69 elementor-alert-info elementor-widget elementor-widget-alert\" data-id=\"8263a69\" data-element_type=\"widget\" data-e-type=\"widget\" data-widget_type=\"alert.default\">\n\t\t\t\t<div class=\"elementor-widget-container\">\n\t\t\t\t\t\t\t<div class=\"elementor-alert\" role=\"alert\">\n\n\t\t\t\t\t\t<span class=\"elementor-alert-title\">1. Die warmherzige Art der Familie Paolini<\/span>\n\t\t\t\n\t\t\t\n\t\t\t\n\t\t<\/div>\n\t\t\t\t\t\t<\/div>\n\t\t\t\t<\/div>\n\t\t\t\t<div class=\"elementor-element elementor-element-ef2ec9c elementor-alert-info elementor-widget elementor-widget-alert\" data-id=\"ef2ec9c\" data-element_type=\"widget\" data-e-type=\"widget\" data-widget_type=\"alert.default\">\n\t\t\t\t<div class=\"elementor-widget-container\">\n\t\t\t\t\t\t\t<div class=\"elementor-alert\" role=\"alert\">\n\n\t\t\t\t\t\t<span class=\"elementor-alert-title\">2. Entspannung am Pool und im mediterranen Garten mit Meerblick<\/span>\n\t\t\t\n\t\t\t\n\t\t\t\n\t\t<\/div>\n\t\t\t\t\t\t<\/div>\n\t\t\t\t<\/div>\n\t\t\t\t<div class=\"elementor-element elementor-element-bc35e1f elementor-alert-info elementor-widget elementor-widget-alert\" data-id=\"bc35e1f\" data-element_type=\"widget\" data-e-type=\"widget\" data-widget_type=\"alert.default\">\n\t\t\t\t<div class=\"elementor-widget-container\">\n\t\t\t\t\t\t\t<div class=\"elementor-alert\" role=\"alert\">\n\n\t\t\t\t\t\t<span class=\"elementor-alert-title\">3. Eintauchen ins kristallklare Wasser des einzigen Meeresnaturschutzgebietes der Insel<\/span>\n\t\t\t\n\t\t\t\n\t\t\t\n\t\t<\/div>\n\t\t\t\t\t\t<\/div>\n\t\t\t\t<\/div>\n\t\t\t\t<div class=\"elementor-element elementor-element-f01315a elementor-widget elementor-widget-text-editor\" data-id=\"f01315a\" data-element_type=\"widget\" data-e-type=\"widget\" data-widget_type=\"text-editor.default\">\n\t\t\t\t<div class=\"elementor-widget-container\">\n\t\t\t\t\t\t\t\t\t<p>Die Lage der<strong> Residenza Belvedere<\/strong> bietet einen unvergleichlichen Blick sowohl auf die \u201cCosta Verde\u201d mit Ihren weissen Str\u00e4nden und t\u00fcrkisem Wasser als auch auf die historischen Festungsanlagen der Medici.<\/p><p>Inmitten der elbanischen Vegetation geniessen Sie die spektakul\u00e4ren Farben des Sonnenuntergangs w\u00e4hrend Sie einen wundervollen Urlaubstag bei einem Aperitivo ausklingen lassen.<\/p>\t\t\t\t\t\t\t\t<\/div>\n\t\t\t\t<\/div>\n\t\t\t\t<div class=\"elementor-element elementor-element-3ce1c33 elementor-widget elementor-widget-heading\" data-id=\"3ce1c33\" data-element_type=\"widget\" data-e-type=\"widget\" data-widget_type=\"heading.default\">\n\t\t\t\t<div class=\"elementor-widget-container\">\n\t\t\t\t\t<h3 class=\"elementor-heading-title elementor-size-default\">...ein Grund mehr, bei uns zu buchen<\/h3>\t\t\t\t<\/div>\n\t\t\t\t<\/div>\n\t\t\t\t<div class=\"elementor-element elementor-element-2e31184 elementor-align-justify elementor-widget elementor-widget-button\" data-id=\"2e31184\" data-element_type=\"widget\" data-e-type=\"widget\" data-widget_type=\"button.default\">\n\t\t\t\t<div class=\"elementor-widget-container\">\n\t\t\t\t\t\t\t\t\t<div class=\"elementor-button-wrapper\">\n\t\t\t\t\t<a class=\"elementor-button elementor-button-link elementor-size-sm\" href=\"https:\/\/www.belvedereelba.it\/de\/faehren\/\" id=\"sconto-traghetto\">\n\t\t\t\t\t\t<span class=\"elementor-button-content-wrapper\">\n\t\t\t\t\t\t\t\t\t<span class=\"elementor-button-text\">F\u00c4HRENRABATT<\/span>\n\t\t\t\t\t<\/span>\n\t\t\t\t\t<\/a>\n\t\t\t\t<\/div>\n\t\t\t\t\t\t\t\t<\/div>\n\t\t\t\t<\/div>\n\t\t\t\t\t<\/div>\n\t\t<\/div>\n\t\t\t\t<div class=\"elementor-column elementor-col-50 elementor-top-column elementor-element elementor-element-5b0ecc9\" data-id=\"5b0ecc9\" data-element_type=\"column\" data-e-type=\"column\" data-settings=\"{&quot;background_background&quot;:&quot;classic&quot;}\">\n\t\t\t<div class=\"elementor-widget-wrap elementor-element-populated\">\n\t\t\t\t\t\t<div class=\"elementor-element elementor-element-19e720c elementor-widget elementor-widget-image\" data-id=\"19e720c\" data-element_type=\"widget\" data-e-type=\"widget\" data-widget_type=\"image.default\">\n\t\t\t\t<div class=\"elementor-widget-container\">\n\t\t\t\t\t\t\t\t\t\t\t\t\t\t\t<img fetchpriority=\"high\" decoding=\"async\" width=\"1920\" height=\"1280\" src=\"https:\/\/www.belvedereelba.it\/wp-content\/uploads\/2021\/03\/la_residenza_in-home.jpg\" class=\"attachment-full size-full wp-image-954\" alt=\"\" srcset=\"https:\/\/www.belvedereelba.it\/wp-content\/uploads\/2021\/03\/la_residenza_in-home.jpg 1920w, https:\/\/www.belvedereelba.it\/wp-content\/uploads\/2021\/03\/la_residenza_in-home-600x400.jpg 600w, https:\/\/www.belvedereelba.it\/wp-content\/uploads\/2021\/03\/la_residenza_in-home-1024x683.jpg 1024w, https:\/\/www.belvedereelba.it\/wp-content\/uploads\/2021\/03\/la_residenza_in-home-768x512.jpg 768w, https:\/\/www.belvedereelba.it\/wp-content\/uploads\/2021\/03\/la_residenza_in-home-1536x1024.jpg 1536w, https:\/\/www.belvedereelba.it\/wp-content\/uploads\/2021\/03\/la_residenza_in-home-219x146.jpg 219w, https:\/\/www.belvedereelba.it\/wp-content\/uploads\/2021\/03\/la_residenza_in-home-50x33.jpg 50w, https:\/\/www.belvedereelba.it\/wp-content\/uploads\/2021\/03\/la_residenza_in-home-113x75.jpg 113w\" sizes=\"(max-width:767px) 480px, (max-width:1920px) 100vw, 1920px\" \/>\t\t\t\t\t\t\t\t\t\t\t\t\t\t\t<\/div>\n\t\t\t\t<\/div>\n\t\t\t\t\t<\/div>\n\t\t<\/div>\n\t\t\t\t\t<\/div>\n\t\t<\/section>\n\t\t\t\t<section class=\"elementor-section elementor-top-section elementor-element elementor-element-b7d2a39 elementor-section-stretched elementor-section-boxed elementor-section-height-default elementor-section-height-default\" data-id=\"b7d2a39\" data-element_type=\"section\" data-e-type=\"section\" id=\"aboutus\" data-settings=\"{&quot;stretch_section&quot;:&quot;section-stretched&quot;}\">\n\t\t\t\t\t\t<div class=\"elementor-container elementor-column-gap-wider\">\n\t\t\t\t\t<div class=\"elementor-column elementor-col-100 elementor-top-column elementor-element elementor-element-3886e79\" data-id=\"3886e79\" data-element_type=\"column\" data-e-type=\"column\">\n\t\t\t<div class=\"elementor-widget-wrap elementor-element-populated\">\n\t\t\t\t\t\t<section class=\"elementor-section elementor-inner-section elementor-element elementor-element-719885f elementor-section-boxed elementor-section-height-default elementor-section-height-default\" data-id=\"719885f\" data-element_type=\"section\" data-e-type=\"section\">\n\t\t\t\t\t\t<div class=\"elementor-container elementor-column-gap-default\">\n\t\t\t\t\t<div class=\"elementor-column elementor-col-100 elementor-inner-column elementor-element elementor-element-568b156\" data-id=\"568b156\" data-element_type=\"column\" data-e-type=\"column\">\n\t\t\t<div class=\"elementor-widget-wrap elementor-element-populated\">\n\t\t\t\t\t\t<div class=\"elementor-element elementor-element-71bd5be elementor-widget elementor-widget-text-editor\" data-id=\"71bd5be\" data-element_type=\"widget\" data-e-type=\"widget\" data-widget_type=\"text-editor.default\">\n\t\t\t\t<div class=\"elementor-widget-container\">\n\t\t\t\t\t\t\t\t\t<h2>Entspannung pur&#8230;<\/h2><p>Lust auf Natur, Meer, ein paar Sonnenstrahlen auf der Haut und einfach mal die Seele baumeln lassen? In der Residenza Belvedere finden Sie immer ein nettes Pl\u00e4tzchen um ein gutes Buch zu lesen oder einen Moment der Ruhe zu geniessen.<\/p>\t\t\t\t\t\t\t\t<\/div>\n\t\t\t\t<\/div>\n\t\t\t\t\t<\/div>\n\t\t<\/div>\n\t\t\t\t\t<\/div>\n\t\t<\/section>\n\t\t\t\t<section class=\"elementor-section elementor-inner-section elementor-element elementor-element-08c0d6e elementor-section-boxed elementor-section-height-default elementor-section-height-default\" data-id=\"08c0d6e\" data-element_type=\"section\" data-e-type=\"section\">\n\t\t\t\t\t\t<div class=\"elementor-container elementor-column-gap-wide\">\n\t\t\t\t\t<div class=\"elementor-column elementor-col-33 elementor-inner-column elementor-element elementor-element-c179937\" data-id=\"c179937\" data-element_type=\"column\" data-e-type=\"column\">\n\t\t\t<div class=\"elementor-widget-wrap elementor-element-populated\">\n\t\t\t\t\t\t<div class=\"elementor-element elementor-element-18d3b01 elementor-widget elementor-widget-mfn_sliding_box\" data-id=\"18d3b01\" data-element_type=\"widget\" data-e-type=\"widget\" data-settings=\"{&quot;_animation&quot;:&quot;none&quot;}\" data-widget_type=\"mfn_sliding_box.default\">\n\t\t\t\t<div class=\"elementor-widget-container\">\n\t\t\t\t\t<div class=\"sliding_box\"><a href=\"\/de\/wohnungen\/\"  title=\"\"><div class=\"photo_wrapper\"><img decoding=\"async\" class=\"scale-with-grid\" src=\"https:\/\/www.belvedereelba.it\/wp-content\/uploads\/2021\/02\/IMG_2481.jpg\" alt=\"IMG_2481\" width=\"780\" height=\"1049\"\/><\/div><div class=\"desc_wrapper\"><h4 class=\"title \">Wohnungen<\/h4><\/div><\/a><\/div>\n\t\t\t\t<\/div>\n\t\t\t\t<\/div>\n\t\t\t\t\t<\/div>\n\t\t<\/div>\n\t\t\t\t<div class=\"elementor-column elementor-col-33 elementor-inner-column elementor-element elementor-element-3e3a1bb\" data-id=\"3e3a1bb\" data-element_type=\"column\" data-e-type=\"column\">\n\t\t\t<div class=\"elementor-widget-wrap elementor-element-populated\">\n\t\t\t\t\t\t<div class=\"elementor-element elementor-element-5b50cce elementor-widget elementor-widget-mfn_sliding_box\" data-id=\"5b50cce\" data-element_type=\"widget\" data-e-type=\"widget\" data-settings=\"{&quot;_animation&quot;:&quot;none&quot;}\" data-widget_type=\"mfn_sliding_box.default\">\n\t\t\t\t<div class=\"elementor-widget-container\">\n\t\t\t\t\t<div class=\"sliding_box\"><a href=\"\/de\/straende\/\"  title=\"\"><div class=\"photo_wrapper\"><img decoding=\"async\" class=\"scale-with-grid\" src=\"https:\/\/www.belvedereelba.it\/wp-content\/uploads\/2021\/02\/Capo-B.jpg\" alt=\"Capo B\" width=\"780\" height=\"1049\"\/><\/div><div class=\"desc_wrapper\"><h4 class=\"title \">Str\u00e4nde<\/h4><\/div><\/a><\/div>\n\t\t\t\t<\/div>\n\t\t\t\t<\/div>\n\t\t\t\t\t<\/div>\n\t\t<\/div>\n\t\t\t\t<div class=\"elementor-column elementor-col-33 elementor-inner-column elementor-element elementor-element-5b527b1\" data-id=\"5b527b1\" data-element_type=\"column\" data-e-type=\"column\">\n\t\t\t<div class=\"elementor-widget-wrap elementor-element-populated\">\n\t\t\t\t\t\t<div class=\"elementor-element elementor-element-233f3da elementor-widget elementor-widget-mfn_sliding_box\" data-id=\"233f3da\" data-element_type=\"widget\" data-e-type=\"widget\" data-settings=\"{&quot;_animation&quot;:&quot;none&quot;}\" data-widget_type=\"mfn_sliding_box.default\">\n\t\t\t\t<div class=\"elementor-widget-container\">\n\t\t\t\t\t<div class=\"sliding_box\"><a href=\"\/de\/pool\/\"  title=\"\"><div class=\"photo_wrapper\"><img loading=\"lazy\" decoding=\"async\" class=\"scale-with-grid\" src=\"https:\/\/www.belvedereelba.it\/wp-content\/uploads\/2021\/02\/6.jpg\" alt=\"6\" width=\"780\" height=\"1049\"\/><\/div><div class=\"desc_wrapper\"><h4 class=\"title \">Pool<\/h4><\/div><\/a><\/div>\n\t\t\t\t<\/div>\n\t\t\t\t<\/div>\n\t\t\t\t\t<\/div>\n\t\t<\/div>\n\t\t\t\t\t<\/div>\n\t\t<\/section>\n\t\t\t\t\t<\/div>\n\t\t<\/div>\n\t\t\t\t\t<\/div>\n\t\t<\/section>\n\t\t\t\t<section class=\"elementor-section elementor-top-section elementor-element elementor-element-0c0df46 elementor-section-full_width elementor-section-content-middle elementor-section-stretched elementor-section-height-default elementor-section-height-default\" data-id=\"0c0df46\" data-element_type=\"section\" data-e-type=\"section\" data-settings=\"{&quot;stretch_section&quot;:&quot;section-stretched&quot;}\">\n\t\t\t\t\t\t<div class=\"elementor-container elementor-column-gap-no\">\n\t\t\t\t\t<div class=\"elementor-column elementor-col-50 elementor-top-column elementor-element elementor-element-f863d9e\" data-id=\"f863d9e\" data-element_type=\"column\" data-e-type=\"column\" data-settings=\"{&quot;background_background&quot;:&quot;classic&quot;}\">\n\t\t\t<div class=\"elementor-widget-wrap elementor-element-populated\">\n\t\t\t\t\t\t<div class=\"elementor-element elementor-element-1e5fa18 elementor-widget elementor-widget-text-editor\" data-id=\"1e5fa18\" data-element_type=\"widget\" data-e-type=\"widget\" data-widget_type=\"text-editor.default\">\n\t\t\t\t<div class=\"elementor-widget-container\">\n\t\t\t\t\t\t\t\t\t<h2>&#8230;nur 200m zu den sch\u00f6nsten Str\u00e4nden<\/h2>\t\t\t\t\t\t\t\t<\/div>\n\t\t\t\t<\/div>\n\t\t\t\t<div class=\"elementor-element elementor-element-39972e1 elementor-widget elementor-widget-text-editor\" data-id=\"39972e1\" data-element_type=\"widget\" data-e-type=\"widget\" data-widget_type=\"text-editor.default\">\n\t\t\t\t<div class=\"elementor-widget-container\">\n\t\t\t\t\t\t\t\t\t<p>Es sind nur wenige Schritte zu den traumhaften Str\u00e4nden \u201cPadulella\u201d und \u201cCapo Bianco\u201d. Weisse Kiesel und Sand vor der Steilkueste lassen das Meer in allen erdenklichen Blaut\u00f6nen glitzern.<\/p><p>Das kristallklare Wasser bietet optimale Bedingungen um die Unterwasserwelt des Naturschutzgebietes schwimmend, schnorchelnd oder vom Boot aus zu erkunden.<\/p>\t\t\t\t\t\t\t\t<\/div>\n\t\t\t\t<\/div>\n\t\t\t\t\t<\/div>\n\t\t<\/div>\n\t\t\t\t<div class=\"elementor-column elementor-col-50 elementor-top-column elementor-element elementor-element-d6d5f02\" data-id=\"d6d5f02\" data-element_type=\"column\" data-e-type=\"column\" data-settings=\"{&quot;background_background&quot;:&quot;classic&quot;}\">\n\t\t\t<div class=\"elementor-widget-wrap elementor-element-populated\">\n\t\t\t\t\t\t<div class=\"elementor-element elementor-element-82e5ab7 elementor-widget elementor-widget-image\" data-id=\"82e5ab7\" data-element_type=\"widget\" data-e-type=\"widget\" data-widget_type=\"image.default\">\n\t\t\t\t<div class=\"elementor-widget-container\">\n\t\t\t\t\t\t\t\t\t\t\t\t\t\t\t<img loading=\"lazy\" decoding=\"async\" width=\"1024\" height=\"683\" src=\"https:\/\/www.belvedereelba.it\/wp-content\/uploads\/2021\/02\/le-spiagge-1024x683.jpg\" class=\"attachment-large size-large wp-image-862\" alt=\"\" srcset=\"https:\/\/www.belvedereelba.it\/wp-content\/uploads\/2021\/02\/le-spiagge-1024x683.jpg 1024w, https:\/\/www.belvedereelba.it\/wp-content\/uploads\/2021\/02\/le-spiagge-600x400.jpg 600w, https:\/\/www.belvedereelba.it\/wp-content\/uploads\/2021\/02\/le-spiagge-768x512.jpg 768w, https:\/\/www.belvedereelba.it\/wp-content\/uploads\/2021\/02\/le-spiagge-1536x1024.jpg 1536w, https:\/\/www.belvedereelba.it\/wp-content\/uploads\/2021\/02\/le-spiagge-219x146.jpg 219w, https:\/\/www.belvedereelba.it\/wp-content\/uploads\/2021\/02\/le-spiagge-50x33.jpg 50w, https:\/\/www.belvedereelba.it\/wp-content\/uploads\/2021\/02\/le-spiagge-113x75.jpg 113w, https:\/\/www.belvedereelba.it\/wp-content\/uploads\/2021\/02\/le-spiagge.jpg 1920w\" sizes=\"(max-width:767px) 480px, (max-width:1024px) 100vw, 1024px\" \/>\t\t\t\t\t\t\t\t\t\t\t\t\t\t\t<\/div>\n\t\t\t\t<\/div>\n\t\t\t\t\t<\/div>\n\t\t<\/div>\n\t\t\t\t\t<\/div>\n\t\t<\/section>\n\t\t\t\t<section class=\"elementor-section elementor-top-section elementor-element elementor-element-eb63b30 elementor-section-height-full elementor-section-stretched elementor-section-boxed elementor-section-height-default elementor-section-items-middle\" data-id=\"eb63b30\" data-element_type=\"section\" data-e-type=\"section\" id=\"story\" data-settings=\"{&quot;stretch_section&quot;:&quot;section-stretched&quot;,&quot;background_background&quot;:&quot;classic&quot;}\">\n\t\t\t\t\t\t<div class=\"elementor-container elementor-column-gap-wider\">\n\t\t\t\t\t<div class=\"elementor-column elementor-col-100 elementor-top-column elementor-element elementor-element-ead73ca\" data-id=\"ead73ca\" data-element_type=\"column\" data-e-type=\"column\">\n\t\t\t<div class=\"elementor-widget-wrap\">\n\t\t\t\t\t\t\t<\/div>\n\t\t<\/div>\n\t\t\t\t\t<\/div>\n\t\t<\/section>\n\t\t\t\t<section class=\"elementor-section elementor-top-section elementor-element elementor-element-10539f1 elementor-section-full_width elementor-section-stretched elementor-section-height-default elementor-section-height-default\" data-id=\"10539f1\" data-element_type=\"section\" data-e-type=\"section\" data-settings=\"{&quot;stretch_section&quot;:&quot;section-stretched&quot;}\">\n\t\t\t\t\t\t<div class=\"elementor-container elementor-column-gap-no\">\n\t\t\t\t\t<div class=\"elementor-column elementor-col-33 elementor-top-column elementor-element elementor-element-82c22c5\" data-id=\"82c22c5\" data-element_type=\"column\" data-e-type=\"column\">\n\t\t\t<div class=\"elementor-widget-wrap elementor-element-populated\">\n\t\t\t\t\t\t<div class=\"elementor-element elementor-element-f872ecd elementor-hidden-tablet elementor-hidden-phone elementor-widget elementor-widget-image\" data-id=\"f872ecd\" data-element_type=\"widget\" data-e-type=\"widget\" data-widget_type=\"image.default\">\n\t\t\t\t<div class=\"elementor-widget-container\">\n\t\t\t\t\t\t\t\t\t\t\t\t\t\t\t<img loading=\"lazy\" decoding=\"async\" width=\"475\" height=\"728\" src=\"https:\/\/www.belvedereelba.it\/wp-content\/uploads\/2021\/02\/i_nostri_servizi_sx.jpg\" class=\"attachment-portfolio-mf-t size-portfolio-mf-t wp-image-876\" alt=\"\" srcset=\"https:\/\/www.belvedereelba.it\/wp-content\/uploads\/2021\/02\/i_nostri_servizi_sx.jpg 475w, https:\/\/www.belvedereelba.it\/wp-content\/uploads\/2021\/02\/i_nostri_servizi_sx-391x600.jpg 391w, https:\/\/www.belvedereelba.it\/wp-content\/uploads\/2021\/02\/i_nostri_servizi_sx-95x146.jpg 95w, https:\/\/www.belvedereelba.it\/wp-content\/uploads\/2021\/02\/i_nostri_servizi_sx-33x50.jpg 33w, https:\/\/www.belvedereelba.it\/wp-content\/uploads\/2021\/02\/i_nostri_servizi_sx-49x75.jpg 49w\" sizes=\"(max-width:767px) 475px, 475px\" \/>\t\t\t\t\t\t\t\t\t\t\t\t\t\t\t<\/div>\n\t\t\t\t<\/div>\n\t\t\t\t\t<\/div>\n\t\t<\/div>\n\t\t\t\t<div class=\"elementor-column elementor-col-33 elementor-top-column elementor-element elementor-element-40941c7\" data-id=\"40941c7\" data-element_type=\"column\" data-e-type=\"column\">\n\t\t\t<div class=\"elementor-widget-wrap elementor-element-populated\">\n\t\t\t\t\t\t<section class=\"elementor-section elementor-inner-section elementor-element elementor-element-fd186bc elementor-section-boxed elementor-section-height-default elementor-section-height-default\" data-id=\"fd186bc\" data-element_type=\"section\" data-e-type=\"section\">\n\t\t\t\t\t\t<div class=\"elementor-container elementor-column-gap-default\">\n\t\t\t\t\t<div class=\"elementor-column elementor-col-100 elementor-inner-column elementor-element elementor-element-0797354\" data-id=\"0797354\" data-element_type=\"column\" data-e-type=\"column\">\n\t\t\t<div class=\"elementor-widget-wrap elementor-element-populated\">\n\t\t\t\t\t\t<div class=\"elementor-element elementor-element-41605f7 elementor-widget elementor-widget-text-editor\" data-id=\"41605f7\" data-element_type=\"widget\" data-e-type=\"widget\" data-widget_type=\"text-editor.default\">\n\t\t\t\t<div class=\"elementor-widget-container\">\n\t\t\t\t\t\t\t\t\t<h2>Die Insel erleben<\/h2><p>In der Residenza Belvedere koennen Sie sich vom ersten Moment an wohl f\u00fchlen. Wir, die Familie Paolini geben Ihnen gerne Insidertipps, welche Sie die Insel Elba in all ihren Facetten erleben l\u00e4sst.<\/p><p>Egal ob Mountainbiketouren, Wanderungen, Tauchg\u00e4nge, Bootstouren, Empfehlungen f\u00fcr die besten Str\u00e4nde oder Ausfl\u00fcge mit dem Kanu, wir sind jederzeit f\u00fcr Sie da.<br \/>Neben Meer, Sonne und Strand sollten Sie auch die kulinarische Seite der Insel nicht unentdeckt lassen. Geniessen Sie einen Bummel \u00fcber den Wochenmarkt, kaufen Sie Ihren Fisch direkt beim Fischer am Hafen und finden Sie Ihre Lieblingseissorte bei \u201cunserer Eisdiele des Vertauens\u201d.<\/p><p>Wir reservieren Ihnen gerne einen Tisch in einem der zahlreichen kleinen Restaurants, um dort die elbanische K\u00fcche kennenzulernen.<\/p>\t\t\t\t\t\t\t\t<\/div>\n\t\t\t\t<\/div>\n\t\t\t\t\t<\/div>\n\t\t<\/div>\n\t\t\t\t\t<\/div>\n\t\t<\/section>\n\t\t\t\t\t<\/div>\n\t\t<\/div>\n\t\t\t\t<div class=\"elementor-column elementor-col-33 elementor-top-column elementor-element elementor-element-877a1af\" data-id=\"877a1af\" data-element_type=\"column\" data-e-type=\"column\">\n\t\t\t<div class=\"elementor-widget-wrap elementor-element-populated\">\n\t\t\t\t\t\t<div class=\"elementor-element elementor-element-86756f0 elementor-widget elementor-widget-image\" data-id=\"86756f0\" data-element_type=\"widget\" data-e-type=\"widget\" data-widget_type=\"image.default\">\n\t\t\t\t<div class=\"elementor-widget-container\">\n\t\t\t\t\t\t\t\t\t\t\t\t\t\t\t<img loading=\"lazy\" decoding=\"async\" width=\"660\" height=\"800\" src=\"https:\/\/www.belvedereelba.it\/wp-content\/uploads\/2021\/02\/famiglia-paolini.jpg\" class=\"attachment-portfolio-mf size-portfolio-mf wp-image-866\" alt=\"\" srcset=\"https:\/\/www.belvedereelba.it\/wp-content\/uploads\/2021\/02\/famiglia-paolini.jpg 660w, https:\/\/www.belvedereelba.it\/wp-content\/uploads\/2021\/02\/famiglia-paolini-495x600.jpg 495w, https:\/\/www.belvedereelba.it\/wp-content\/uploads\/2021\/02\/famiglia-paolini-120x146.jpg 120w, https:\/\/www.belvedereelba.it\/wp-content\/uploads\/2021\/02\/famiglia-paolini-41x50.jpg 41w, https:\/\/www.belvedereelba.it\/wp-content\/uploads\/2021\/02\/famiglia-paolini-62x75.jpg 62w\" sizes=\"(max-width:767px) 480px, 660px\" \/>\t\t\t\t\t\t\t\t\t\t\t\t\t\t\t<\/div>\n\t\t\t\t<\/div>\n\t\t\t\t\t<\/div>\n\t\t<\/div>\n\t\t\t\t\t<\/div>\n\t\t<\/section>\n\t\t\t\t<\/div>\n\t\t","protected":false},"excerpt":{"rendered":"<p>Gute Gr\u00fcnde um zu uns zu kommen 1. Die warmherzige Art der Familie Paolini 2. Entspannung am Pool und im mediterranen Garten mit Meerblick 3. Eintauchen<span class=\"excerpt-hellip\"> [\u2026]<\/span><\/p>\n","protected":false},"author":1,"featured_media":0,"parent":0,"menu_order":0,"comment_status":"closed","ping_status":"closed","template":"","meta":{"footnotes":""},"class_list":["post-1169","page","type-page","status-publish","hentry"],"_links":{"self":[{"href":"https:\/\/www.belvedereelba.it\/de\/wp-json\/wp\/v2\/pages\/1169","targetHints":{"allow":["GET"]}}],"collection":[{"href":"https:\/\/www.belvedereelba.it\/de\/wp-json\/wp\/v2\/pages"}],"about":[{"href":"https:\/\/www.belvedereelba.it\/de\/wp-json\/wp\/v2\/types\/page"}],"author":[{"embeddable":true,"href":"https:\/\/www.belvedereelba.it\/de\/wp-json\/wp\/v2\/users\/1"}],"replies":[{"embeddable":true,"href":"https:\/\/www.belvedereelba.it\/de\/wp-json\/wp\/v2\/comments?post=1169"}],"version-history":[{"count":5,"href":"https:\/\/www.belvedereelba.it\/de\/wp-json\/wp\/v2\/pages\/1169\/revisions"}],"predecessor-version":[{"id":2995,"href":"https:\/\/www.belvedereelba.it\/de\/wp-json\/wp\/v2\/pages\/1169\/revisions\/2995"}],"wp:attachment":[{"href":"https:\/\/www.belvedereelba.it\/de\/wp-json\/wp\/v2\/media?parent=1169"}],"curies":[{"name":"wp","href":"https:\/\/api.w.org\/{rel}","templated":true}]}}