{"id":1403,"date":"2021-03-29T15:51:05","date_gmt":"2021-03-29T13:51:05","guid":{"rendered":"https:\/\/www.belvedereelba.it\/isola-delba\/"},"modified":"2021-04-21T16:19:16","modified_gmt":"2021-04-21T14:19:16","slug":"insel-elba","status":"publish","type":"page","link":"https:\/\/www.belvedereelba.it\/de\/insel-elba\/","title":{"rendered":"Insel Elba"},"content":{"rendered":"\t\t<div data-elementor-type=\"wp-page\" data-elementor-id=\"1403\" class=\"elementor elementor-1403 elementor-461\">\n\t\t\t\t\t\t<section class=\"elementor-section elementor-top-section elementor-element elementor-element-5770bfa1 elementor-section-boxed elementor-section-height-default elementor-section-height-default\" data-id=\"5770bfa1\" data-element_type=\"section\">\n\t\t\t\t\t\t<div class=\"elementor-container elementor-column-gap-default\">\n\t\t\t\t\t<div class=\"elementor-column elementor-col-100 elementor-top-column elementor-element elementor-element-56d29651\" data-id=\"56d29651\" data-element_type=\"column\">\n\t\t\t<div class=\"elementor-widget-wrap elementor-element-populated\">\n\t\t\t\t\t\t<div class=\"elementor-element elementor-element-7bca49e4 elementor-widget elementor-widget-heading\" data-id=\"7bca49e4\" data-element_type=\"widget\" data-widget_type=\"heading.default\">\n\t\t\t\t<div class=\"elementor-widget-container\">\n\t\t\t\t\t<h1 class=\"elementor-heading-title elementor-size-default\">Insel Elba<\/h1>\t\t\t\t<\/div>\n\t\t\t\t<\/div>\n\t\t\t\t<div class=\"elementor-element elementor-element-3119789 elementor-widget elementor-widget-heading\" data-id=\"3119789\" data-element_type=\"widget\" data-widget_type=\"heading.default\">\n\t\t\t\t<div class=\"elementor-widget-container\">\n\t\t\t\t\t<h3 class=\"elementor-heading-title elementor-size-default\">Infos \u00fcber die Elba Insel<\/h3>\t\t\t\t<\/div>\n\t\t\t\t<\/div>\n\t\t\t\t\t<\/div>\n\t\t<\/div>\n\t\t\t\t\t<\/div>\n\t\t<\/section>\n\t\t\t\t<section class=\"elementor-section elementor-top-section elementor-element elementor-element-243e1aee elementor-section-boxed elementor-section-height-default elementor-section-height-default\" data-id=\"243e1aee\" data-element_type=\"section\">\n\t\t\t\t\t\t<div class=\"elementor-container elementor-column-gap-default\">\n\t\t\t\t\t<div class=\"elementor-column elementor-col-100 elementor-top-column elementor-element elementor-element-49b448c0\" data-id=\"49b448c0\" data-element_type=\"column\">\n\t\t\t<div class=\"elementor-widget-wrap elementor-element-populated\">\n\t\t\t\t\t\t<div class=\"elementor-element elementor-element-08a5d3e elementor-widget elementor-widget-text-editor\" data-id=\"08a5d3e\" data-element_type=\"widget\" data-widget_type=\"text-editor.default\">\n\t\t\t\t<div class=\"elementor-widget-container\">\n\t\t\t\t\t\t\t\t\t<p>Die Legende will, dass Elba aus einer Perlenkette enstanden ist die dem Gott der Sch\u00f6nheit und der Liebe, Venus, vom Hals ins thyrrenische Meer gefallen ist.<br \/>\nDiese &#8222;nette&#8220; Legende enth\u00e4lt ein wenig Wahrheit da man ohne Zweifel sagen kann das die Inseln des Archipels ein St\u00fcck Paradis sind.<\/p>\n<p>Es gibt wenige andere Urlaubsorte die eine solche Vielfalt von Angeboten auf einem so kleinen St\u00fcck Erde konzentrieren: die Unterwasserwelt &#8211; ein wahres Paradis f\u00fcr Taucher, die Berge mit ihren jahrhunderte alten W\u00e4ldern, die Str\u00e4nde und kleinen Buchten umgeben von der Mittelmeer-Macchia, die kleinen Bergd\u00f6rfer die noch heute in einem Dornr\u00f6schenschlaf schlummern.<\/p>\n\t\t\t\t\t\t\t\t<\/div>\n\t\t\t\t<\/div>\n\t\t\t\t\t<\/div>\n\t\t<\/div>\n\t\t\t\t\t<\/div>\n\t\t<\/section>\n\t\t\t\t<section class=\"elementor-section elementor-top-section elementor-element elementor-element-9761c24 elementor-section-boxed elementor-section-height-default elementor-section-height-default\" data-id=\"9761c24\" data-element_type=\"section\">\n\t\t\t\t\t\t<div class=\"elementor-container elementor-column-gap-default\">\n\t\t\t\t\t<div class=\"elementor-column elementor-col-100 elementor-top-column elementor-element elementor-element-88f7012\" data-id=\"88f7012\" data-element_type=\"column\">\n\t\t\t<div class=\"elementor-widget-wrap elementor-element-populated\">\n\t\t\t\t\t\t<div class=\"elementor-element elementor-element-6145ee1 elementor-widget elementor-widget-mfn_gallery\" data-id=\"6145ee1\" data-element_type=\"widget\" data-widget_type=\"mfn_gallery.default\">\n\t\t\t\t<div class=\"elementor-widget-container\">\n\t\t\t\t\t\n\t\t\t<style type='text\/css'>\n\t\t\t\t#sc_gallery-1 {\n\t\t\t\t\tmargin: auto;\n\t\t\t\t}\n\t\t\t\t#sc_gallery-1 .gallery-item {\n\t\t\t\t\tfloat: left;\n\t\t\t\t\ttext-align: center;\n\t\t\t\t\twidth: 33.33%;\n\t\t\t\t}\n\t\t\t\t#sc_gallery-1 img {\n\t\t\t\t\tborder: 2px solid #cfcfcf;\n\t\t\t\t}\n\t\t\t\t\/* see sc_gallery() in functions\/theme-shortcodes.php *\/\n\t\t\t<\/style>\n\t\t<div id='sc_gallery-1' class='gallery galleryid-1403 gallery-columns-3 gallery-size-large file element_classes gallery-default'><dl class='gallery-item'  data-title='elba1g' data-description=''><div class='gallery-item-wrapper'>\n\t\t\t\t<dt class='gallery-icon landscape'>\n\t\t\t\t\t<a href='https:\/\/www.belvedereelba.it\/wp-content\/uploads\/2021\/03\/elba1g.jpg'><img fetchpriority=\"high\" decoding=\"async\" width=\"500\" height=\"375\" src=\"https:\/\/www.belvedereelba.it\/wp-content\/uploads\/2021\/03\/elba1g.jpg\" class=\"attachment-large size-large\" alt=\"\" srcset=\"https:\/\/www.belvedereelba.it\/wp-content\/uploads\/2021\/03\/elba1g.jpg 500w, https:\/\/www.belvedereelba.it\/wp-content\/uploads\/2021\/03\/elba1g-195x146.jpg 195w, https:\/\/www.belvedereelba.it\/wp-content\/uploads\/2021\/03\/elba1g-50x38.jpg 50w, https:\/\/www.belvedereelba.it\/wp-content\/uploads\/2021\/03\/elba1g-100x75.jpg 100w\" sizes=\"(max-width:767px) 480px, 500px\" \/><\/a>\n\t\t\t\t<\/dt><\/div><\/dl><dl class='gallery-item'  data-title='elba2g' data-description=''><div class='gallery-item-wrapper'>\n\t\t\t\t<dt class='gallery-icon landscape'>\n\t\t\t\t\t<a href='https:\/\/www.belvedereelba.it\/wp-content\/uploads\/2021\/03\/elba2g.jpg'><img decoding=\"async\" width=\"500\" height=\"375\" src=\"https:\/\/www.belvedereelba.it\/wp-content\/uploads\/2021\/03\/elba2g.jpg\" class=\"attachment-large size-large\" alt=\"\" srcset=\"https:\/\/www.belvedereelba.it\/wp-content\/uploads\/2021\/03\/elba2g.jpg 500w, https:\/\/www.belvedereelba.it\/wp-content\/uploads\/2021\/03\/elba2g-195x146.jpg 195w, https:\/\/www.belvedereelba.it\/wp-content\/uploads\/2021\/03\/elba2g-50x38.jpg 50w, https:\/\/www.belvedereelba.it\/wp-content\/uploads\/2021\/03\/elba2g-100x75.jpg 100w\" sizes=\"(max-width:767px) 480px, 500px\" \/><\/a>\n\t\t\t\t<\/dt><\/div><\/dl><dl class='gallery-item'  data-title='elba3g' data-description=''><div class='gallery-item-wrapper'>\n\t\t\t\t<dt class='gallery-icon landscape'>\n\t\t\t\t\t<a href='https:\/\/www.belvedereelba.it\/wp-content\/uploads\/2021\/03\/elba3g.jpg'><img decoding=\"async\" width=\"500\" height=\"375\" src=\"https:\/\/www.belvedereelba.it\/wp-content\/uploads\/2021\/03\/elba3g.jpg\" class=\"attachment-large size-large\" alt=\"\" srcset=\"https:\/\/www.belvedereelba.it\/wp-content\/uploads\/2021\/03\/elba3g.jpg 500w, https:\/\/www.belvedereelba.it\/wp-content\/uploads\/2021\/03\/elba3g-195x146.jpg 195w, https:\/\/www.belvedereelba.it\/wp-content\/uploads\/2021\/03\/elba3g-50x38.jpg 50w, https:\/\/www.belvedereelba.it\/wp-content\/uploads\/2021\/03\/elba3g-100x75.jpg 100w\" sizes=\"(max-width:767px) 480px, 500px\" \/><\/a>\n\t\t\t\t<\/dt><\/div><\/dl><br style=\"clear: both\" \/>\n\t\t\t<\/div>\n\t\t\t\t<\/div>\n\t\t\t\t<\/div>\n\t\t\t\t\t<\/div>\n\t\t<\/div>\n\t\t\t\t\t<\/div>\n\t\t<\/section>\n\t\t\t\t<section class=\"elementor-section elementor-top-section elementor-element elementor-element-c9fd421 elementor-section-boxed elementor-section-height-default elementor-section-height-default\" data-id=\"c9fd421\" data-element_type=\"section\">\n\t\t\t\t\t\t<div class=\"elementor-container elementor-column-gap-default\">\n\t\t\t\t\t<div class=\"elementor-column elementor-col-100 elementor-top-column elementor-element elementor-element-f2e0f02\" data-id=\"f2e0f02\" data-element_type=\"column\">\n\t\t\t<div class=\"elementor-widget-wrap elementor-element-populated\">\n\t\t\t\t\t\t<div class=\"elementor-element elementor-element-25b1348 elementor-widget elementor-widget-text-editor\" data-id=\"25b1348\" data-element_type=\"widget\" data-widget_type=\"text-editor.default\">\n\t\t\t\t<div class=\"elementor-widget-container\">\n\t\t\t\t\t\t\t\t\t<p>Jeder Besucher kann hier auf dieser Insel seine ganz individuellen Ferien gestalten: den Lieblingsport aus\u00fcben, sich ganz einfach von der Sonne braten lassen oder auf die Erkundung des Toskanischen Archipels gehen, um Geschichte, Kultur und Gastronomie zu entdecken.<\/p>\n<p>Elba ist nur 10 Km vom italienischen Kontinent entfernt, hat eine Oberfl\u00e4che von 224 Qkm, ist die gr\u00f6sste Insel des Toskanischen Archipels und die drittgr\u00f6sste Insel Italiens. Seit einigen Jahren geh\u00f6rt sie zum Nationalpark des Toskanischen Archipels wie auch Pianosa, Capraia, Montecristo, Giglio und Giannutri.<\/p>\n\t\t\t\t\t\t\t\t<\/div>\n\t\t\t\t<\/div>\n\t\t\t\t\t<\/div>\n\t\t<\/div>\n\t\t\t\t\t<\/div>\n\t\t<\/section>\n\t\t\t\t<section class=\"elementor-section elementor-top-section elementor-element elementor-element-8f1d7c9 elementor-section-boxed elementor-section-height-default elementor-section-height-default\" data-id=\"8f1d7c9\" data-element_type=\"section\">\n\t\t\t\t\t\t<div class=\"elementor-container elementor-column-gap-default\">\n\t\t\t\t\t<div class=\"elementor-column elementor-col-100 elementor-top-column elementor-element elementor-element-123f7aa\" data-id=\"123f7aa\" data-element_type=\"column\">\n\t\t\t<div class=\"elementor-widget-wrap elementor-element-populated\">\n\t\t\t\t\t\t<div class=\"elementor-element elementor-element-52b01bd elementor-widget elementor-widget-mfn_gallery\" data-id=\"52b01bd\" data-element_type=\"widget\" data-widget_type=\"mfn_gallery.default\">\n\t\t\t\t<div class=\"elementor-widget-container\">\n\t\t\t\t\t\n\t\t\t<style type='text\/css'>\n\t\t\t\t#sc_gallery-2 {\n\t\t\t\t\tmargin: auto;\n\t\t\t\t}\n\t\t\t\t#sc_gallery-2 .gallery-item {\n\t\t\t\t\tfloat: left;\n\t\t\t\t\ttext-align: center;\n\t\t\t\t\twidth: 33.33%;\n\t\t\t\t}\n\t\t\t\t#sc_gallery-2 img {\n\t\t\t\t\tborder: 2px solid #cfcfcf;\n\t\t\t\t}\n\t\t\t\t\/* see sc_gallery() in functions\/theme-shortcodes.php *\/\n\t\t\t<\/style>\n\t\t<div id='sc_gallery-2' class='gallery galleryid-1403 gallery-columns-3 gallery-size-large file element_classes gallery-default'><dl class='gallery-item'  data-title='elba4g' data-description=''><div class='gallery-item-wrapper'>\n\t\t\t\t<dt class='gallery-icon landscape'>\n\t\t\t\t\t<a href='https:\/\/www.belvedereelba.it\/wp-content\/uploads\/2021\/03\/elba4g.jpg'><img loading=\"lazy\" decoding=\"async\" width=\"500\" height=\"375\" src=\"https:\/\/www.belvedereelba.it\/wp-content\/uploads\/2021\/03\/elba4g.jpg\" class=\"attachment-large size-large\" alt=\"\" srcset=\"https:\/\/www.belvedereelba.it\/wp-content\/uploads\/2021\/03\/elba4g.jpg 500w, https:\/\/www.belvedereelba.it\/wp-content\/uploads\/2021\/03\/elba4g-195x146.jpg 195w, https:\/\/www.belvedereelba.it\/wp-content\/uploads\/2021\/03\/elba4g-50x38.jpg 50w, https:\/\/www.belvedereelba.it\/wp-content\/uploads\/2021\/03\/elba4g-100x75.jpg 100w\" sizes=\"(max-width:767px) 480px, 500px\" \/><\/a>\n\t\t\t\t<\/dt><\/div><\/dl><dl class='gallery-item'  data-title='elba5g' data-description=''><div class='gallery-item-wrapper'>\n\t\t\t\t<dt class='gallery-icon landscape'>\n\t\t\t\t\t<a href='https:\/\/www.belvedereelba.it\/wp-content\/uploads\/2021\/03\/elba5g.jpg'><img loading=\"lazy\" decoding=\"async\" width=\"500\" height=\"375\" src=\"https:\/\/www.belvedereelba.it\/wp-content\/uploads\/2021\/03\/elba5g.jpg\" class=\"attachment-large size-large\" alt=\"\" srcset=\"https:\/\/www.belvedereelba.it\/wp-content\/uploads\/2021\/03\/elba5g.jpg 500w, https:\/\/www.belvedereelba.it\/wp-content\/uploads\/2021\/03\/elba5g-195x146.jpg 195w, https:\/\/www.belvedereelba.it\/wp-content\/uploads\/2021\/03\/elba5g-50x38.jpg 50w, https:\/\/www.belvedereelba.it\/wp-content\/uploads\/2021\/03\/elba5g-100x75.jpg 100w\" sizes=\"(max-width:767px) 480px, 500px\" \/><\/a>\n\t\t\t\t<\/dt><\/div><\/dl><dl class='gallery-item'  data-title='elba6g' data-description=''><div class='gallery-item-wrapper'>\n\t\t\t\t<dt class='gallery-icon landscape'>\n\t\t\t\t\t<a href='https:\/\/www.belvedereelba.it\/wp-content\/uploads\/2021\/03\/elba6g.jpg'><img loading=\"lazy\" decoding=\"async\" width=\"500\" height=\"375\" src=\"https:\/\/www.belvedereelba.it\/wp-content\/uploads\/2021\/03\/elba6g.jpg\" class=\"attachment-large size-large\" alt=\"\" srcset=\"https:\/\/www.belvedereelba.it\/wp-content\/uploads\/2021\/03\/elba6g.jpg 500w, https:\/\/www.belvedereelba.it\/wp-content\/uploads\/2021\/03\/elba6g-195x146.jpg 195w, https:\/\/www.belvedereelba.it\/wp-content\/uploads\/2021\/03\/elba6g-50x38.jpg 50w, https:\/\/www.belvedereelba.it\/wp-content\/uploads\/2021\/03\/elba6g-100x75.jpg 100w\" sizes=\"(max-width:767px) 480px, 500px\" \/><\/a>\n\t\t\t\t<\/dt><\/div><\/dl><br style=\"clear: both\" \/>\n\t\t\t<\/div>\n\t\t\t\t<\/div>\n\t\t\t\t<\/div>\n\t\t\t\t\t<\/div>\n\t\t<\/div>\n\t\t\t\t\t<\/div>\n\t\t<\/section>\n\t\t\t\t<section class=\"elementor-section elementor-top-section elementor-element elementor-element-0acf7f6 elementor-section-boxed elementor-section-height-default elementor-section-height-default\" data-id=\"0acf7f6\" data-element_type=\"section\">\n\t\t\t\t\t\t<div class=\"elementor-container elementor-column-gap-default\">\n\t\t\t\t\t<div class=\"elementor-column elementor-col-100 elementor-top-column elementor-element elementor-element-3bfba79\" data-id=\"3bfba79\" data-element_type=\"column\">\n\t\t\t<div class=\"elementor-widget-wrap elementor-element-populated\">\n\t\t\t\t\t\t<div class=\"elementor-element elementor-element-f39d409 elementor-widget elementor-widget-text-editor\" data-id=\"f39d409\" data-element_type=\"widget\" data-widget_type=\"text-editor.default\">\n\t\t\t\t<div class=\"elementor-widget-container\">\n\t\t\t\t\t\t\t\t\t<p>Das Klima der Insel ist ganz besonders mild mit seinen j\u00e4hrlichen Durchschnittstemperaturen zwischen 15\u00ba und 16\u00ba. Die Mittelwerte der verschiedenen Jahreszeiten sind: Winter 10\u00ba, Fr\u00fchling 14\u00ba, Sommer 23\u00ba und Herbst 17\u00ba. Die Wassertemperatur pro Monat ist: April 19\u00b0, Mai 20\u00b0.2, Juni 24\u00b0.1, Juli 26\u00b0.8, August 27\u00b0.3, September 25\u00b0.5 und Oktober 23\u00b0.1.<\/p>\n<p>Die Insel mit ihren 147 Km K\u00fcstenlinie ist weltweit bekannt f\u00fcr die Sch\u00f6nheit und Verschiedenheit ihrer Buchten, die wunderbaren Str\u00e4nde und die Faszination der Monte Capanne Berggruppe (1019 Meter).<\/p>\n<p>Die Hauptstrassen (160 km) sind alle asphaltiert und ausserdem gibt es noch ein Netz von Panoramastrassen von ungef. 80 Km. L\u00e4nge.<\/p>\n<p>Die Insel ist schon seit der Steinzeit bewohnt und wohl bekannt f\u00fcr ihre Eisenerzminen. Von den Liguriern wurde sie &#8222;Ilva&#8220; genannt, von den Griechen &#8222;Aethalia&#8220;. Zuerst unter ligurischer Herrschaft, dann griechischer und etruskischer, war sie f\u00fcr lange Zeit ein r\u00f6mischer Bastion. Im Mittelalter wird sie den Pisanern zugeteilt dann denn Appianern und schliesslich den Medicis. Aber auch andere europ\u00e4ische Zivilisationen haben auf Elba Spuren hinterlassen. <\/p>\n\t\t\t\t\t\t\t\t<\/div>\n\t\t\t\t<\/div>\n\t\t\t\t\t<\/div>\n\t\t<\/div>\n\t\t\t\t\t<\/div>\n\t\t<\/section>\n\t\t\t\t<section class=\"elementor-section elementor-top-section elementor-element elementor-element-21e1943 elementor-section-boxed elementor-section-height-default elementor-section-height-default\" data-id=\"21e1943\" data-element_type=\"section\">\n\t\t\t\t\t\t<div class=\"elementor-container elementor-column-gap-default\">\n\t\t\t\t\t<div class=\"elementor-column elementor-col-100 elementor-top-column elementor-element elementor-element-3a7e174\" data-id=\"3a7e174\" data-element_type=\"column\">\n\t\t\t<div class=\"elementor-widget-wrap elementor-element-populated\">\n\t\t\t\t\t\t<div class=\"elementor-element elementor-element-f613cc8 elementor-widget elementor-widget-mfn_gallery\" data-id=\"f613cc8\" data-element_type=\"widget\" data-widget_type=\"mfn_gallery.default\">\n\t\t\t\t<div class=\"elementor-widget-container\">\n\t\t\t\t\t\n\t\t\t<style type='text\/css'>\n\t\t\t\t#sc_gallery-3 {\n\t\t\t\t\tmargin: auto;\n\t\t\t\t}\n\t\t\t\t#sc_gallery-3 .gallery-item {\n\t\t\t\t\tfloat: left;\n\t\t\t\t\ttext-align: center;\n\t\t\t\t\twidth: 33.33%;\n\t\t\t\t}\n\t\t\t\t#sc_gallery-3 img {\n\t\t\t\t\tborder: 2px solid #cfcfcf;\n\t\t\t\t}\n\t\t\t\t\/* see sc_gallery() in functions\/theme-shortcodes.php *\/\n\t\t\t<\/style>\n\t\t<div id='sc_gallery-3' class='gallery galleryid-1403 gallery-columns-3 gallery-size-large file element_classes gallery-default'><dl class='gallery-item'  data-title='elba7g' data-description=''><div class='gallery-item-wrapper'>\n\t\t\t\t<dt class='gallery-icon landscape'>\n\t\t\t\t\t<a href='https:\/\/www.belvedereelba.it\/wp-content\/uploads\/2021\/03\/elba7g.jpg'><img loading=\"lazy\" decoding=\"async\" width=\"500\" height=\"375\" src=\"https:\/\/www.belvedereelba.it\/wp-content\/uploads\/2021\/03\/elba7g.jpg\" class=\"attachment-large size-large\" alt=\"\" srcset=\"https:\/\/www.belvedereelba.it\/wp-content\/uploads\/2021\/03\/elba7g.jpg 500w, https:\/\/www.belvedereelba.it\/wp-content\/uploads\/2021\/03\/elba7g-195x146.jpg 195w, https:\/\/www.belvedereelba.it\/wp-content\/uploads\/2021\/03\/elba7g-50x38.jpg 50w, https:\/\/www.belvedereelba.it\/wp-content\/uploads\/2021\/03\/elba7g-100x75.jpg 100w\" sizes=\"(max-width:767px) 480px, 500px\" \/><\/a>\n\t\t\t\t<\/dt><\/div><\/dl><dl class='gallery-item'  data-title='elba8g' data-description=''><div class='gallery-item-wrapper'>\n\t\t\t\t<dt class='gallery-icon landscape'>\n\t\t\t\t\t<a href='https:\/\/www.belvedereelba.it\/wp-content\/uploads\/2021\/03\/elba8g.jpg'><img loading=\"lazy\" decoding=\"async\" width=\"500\" height=\"375\" src=\"https:\/\/www.belvedereelba.it\/wp-content\/uploads\/2021\/03\/elba8g.jpg\" class=\"attachment-large size-large\" alt=\"\" srcset=\"https:\/\/www.belvedereelba.it\/wp-content\/uploads\/2021\/03\/elba8g.jpg 500w, https:\/\/www.belvedereelba.it\/wp-content\/uploads\/2021\/03\/elba8g-195x146.jpg 195w, https:\/\/www.belvedereelba.it\/wp-content\/uploads\/2021\/03\/elba8g-50x38.jpg 50w, https:\/\/www.belvedereelba.it\/wp-content\/uploads\/2021\/03\/elba8g-100x75.jpg 100w\" sizes=\"(max-width:767px) 480px, 500px\" \/><\/a>\n\t\t\t\t<\/dt><\/div><\/dl><dl class='gallery-item'  data-title='elba9g' data-description=''><div class='gallery-item-wrapper'>\n\t\t\t\t<dt class='gallery-icon landscape'>\n\t\t\t\t\t<a href='https:\/\/www.belvedereelba.it\/wp-content\/uploads\/2021\/03\/elba9g.jpg'><img loading=\"lazy\" decoding=\"async\" width=\"500\" height=\"375\" src=\"https:\/\/www.belvedereelba.it\/wp-content\/uploads\/2021\/03\/elba9g.jpg\" class=\"attachment-large size-large\" alt=\"\" srcset=\"https:\/\/www.belvedereelba.it\/wp-content\/uploads\/2021\/03\/elba9g.jpg 500w, https:\/\/www.belvedereelba.it\/wp-content\/uploads\/2021\/03\/elba9g-195x146.jpg 195w, https:\/\/www.belvedereelba.it\/wp-content\/uploads\/2021\/03\/elba9g-50x38.jpg 50w, https:\/\/www.belvedereelba.it\/wp-content\/uploads\/2021\/03\/elba9g-100x75.jpg 100w\" sizes=\"(max-width:767px) 480px, 500px\" \/><\/a>\n\t\t\t\t<\/dt><\/div><\/dl><br style=\"clear: both\" \/>\n\t\t\t<\/div>\n\t\t\t\t<\/div>\n\t\t\t\t<\/div>\n\t\t\t\t\t<\/div>\n\t\t<\/div>\n\t\t\t\t\t<\/div>\n\t\t<\/section>\n\t\t\t\t<section class=\"elementor-section elementor-top-section elementor-element elementor-element-984cfd7 elementor-section-boxed elementor-section-height-default elementor-section-height-default\" data-id=\"984cfd7\" data-element_type=\"section\">\n\t\t\t\t\t\t<div class=\"elementor-container elementor-column-gap-default\">\n\t\t\t\t\t<div class=\"elementor-column elementor-col-100 elementor-top-column elementor-element elementor-element-5ebb176\" data-id=\"5ebb176\" data-element_type=\"column\">\n\t\t\t<div class=\"elementor-widget-wrap elementor-element-populated\">\n\t\t\t\t\t\t<div class=\"elementor-element elementor-element-0f85b8f elementor-widget elementor-widget-text-editor\" data-id=\"0f85b8f\" data-element_type=\"widget\" data-widget_type=\"text-editor.default\">\n\t\t\t\t<div class=\"elementor-widget-container\">\n\t\t\t\t\t\t\t\t\t<p>Es waren vor allen Dingen die Medicis die in Portoferraio (zu Ehren von Cosimo dei Medici hiess Portoferraio zu dieser Zeit Cosmopoli) ihre Spuren hinterliessen sowie die Spanier die in Porto Azzurro die Festungen von S. Giacomo und Focardo erbauten.<\/p>\n<p>Die kurze Regierungszeit von Napoleon (1814-1815, 9 Monate und 23 Tage) hat die Insel ganz besonders gepr\u00e4gt: die Villen dei Mulini und San Martino, die alten Kirchen von Portoferraio, die Madonna del Monte in Marciana Alta sowie auch in anderen D\u00f6rfern.<\/p>\n<p>Die Insel ist heute in 8 Gemeinden aufgeteilt: Portoferraio, Campo nell&#8217;Elba, Capoliveri, Marciana, Marciana Marina, Porto Azzurro, Rio Marina und Rio nell&#8217;Elba.<\/p>\n<p>Die guten Weine, die wunderbare K\u00fcche, das saubere und unber\u00fchrte Meer, das Klima und die gute Luft machen aus Elba einen idealen Kur- und Urlaubsort zu jeder Jahreszeit. <\/p>\n\t\t\t\t\t\t\t\t<\/div>\n\t\t\t\t<\/div>\n\t\t\t\t\t<\/div>\n\t\t<\/div>\n\t\t\t\t\t<\/div>\n\t\t<\/section>\n\t\t\t\t<\/div>\n\t\t","protected":false},"excerpt":{"rendered":"<p>Insel Elba Infos \u00fcber die Elba Insel Die Legende will, dass Elba aus einer Perlenkette enstanden ist die dem Gott der Sch\u00f6nheit und der Liebe, Venus,<span class=\"excerpt-hellip\"> [\u2026]<\/span><\/p>\n","protected":false},"author":1,"featured_media":2504,"parent":0,"menu_order":0,"comment_status":"closed","ping_status":"closed","template":"","meta":{"footnotes":""},"class_list":["post-1403","page","type-page","status-publish","has-post-thumbnail","hentry"],"_links":{"self":[{"href":"https:\/\/www.belvedereelba.it\/de\/wp-json\/wp\/v2\/pages\/1403","targetHints":{"allow":["GET"]}}],"collection":[{"href":"https:\/\/www.belvedereelba.it\/de\/wp-json\/wp\/v2\/pages"}],"about":[{"href":"https:\/\/www.belvedereelba.it\/de\/wp-json\/wp\/v2\/types\/page"}],"author":[{"embeddable":true,"href":"https:\/\/www.belvedereelba.it\/de\/wp-json\/wp\/v2\/users\/1"}],"replies":[{"embeddable":true,"href":"https:\/\/www.belvedereelba.it\/de\/wp-json\/wp\/v2\/comments?post=1403"}],"version-history":[{"count":5,"href":"https:\/\/www.belvedereelba.it\/de\/wp-json\/wp\/v2\/pages\/1403\/revisions"}],"predecessor-version":[{"id":1413,"href":"https:\/\/www.belvedereelba.it\/de\/wp-json\/wp\/v2\/pages\/1403\/revisions\/1413"}],"wp:featuredmedia":[{"embeddable":true,"href":"https:\/\/www.belvedereelba.it\/de\/wp-json\/wp\/v2\/media\/2504"}],"wp:attachment":[{"href":"https:\/\/www.belvedereelba.it\/de\/wp-json\/wp\/v2\/media?parent=1403"}],"curies":[{"name":"wp","href":"https:\/\/api.w.org\/{rel}","templated":true}]}}