{"id":1414,"date":"2021-03-30T11:24:34","date_gmt":"2021-03-30T09:24:34","guid":{"rendered":"https:\/\/www.belvedereelba.it\/monolocale\/"},"modified":"2022-12-07T12:43:59","modified_gmt":"2022-12-07T11:43:59","slug":"ein-zimmer-wohnung","status":"publish","type":"page","link":"https:\/\/www.belvedereelba.it\/de\/ein-zimmer-wohnung\/","title":{"rendered":"Ein-Zimmer-Wohnung"},"content":{"rendered":"\t\t<div data-elementor-type=\"wp-page\" data-elementor-id=\"1414\" class=\"elementor elementor-1414 elementor-559\">\n\t\t\t\t\t\t<section class=\"elementor-section elementor-top-section elementor-element elementor-element-26d89195 elementor-section-boxed elementor-section-height-default elementor-section-height-default\" data-id=\"26d89195\" data-element_type=\"section\">\n\t\t\t\t\t\t<div class=\"elementor-container elementor-column-gap-default\">\n\t\t\t\t\t<div class=\"elementor-column elementor-col-100 elementor-top-column elementor-element elementor-element-7fe24f39\" data-id=\"7fe24f39\" data-element_type=\"column\">\n\t\t\t<div class=\"elementor-widget-wrap elementor-element-populated\">\n\t\t\t\t\t\t<div class=\"elementor-element elementor-element-1b934d99 elementor-widget elementor-widget-heading\" data-id=\"1b934d99\" data-element_type=\"widget\" data-widget_type=\"heading.default\">\n\t\t\t\t<div class=\"elementor-widget-container\">\n\t\t\t\t\t<h1 class=\"elementor-heading-title elementor-size-default\">Ein-Zimmer-Wohnung<\/h1>\t\t\t\t<\/div>\n\t\t\t\t<\/div>\n\t\t\t\t\t<\/div>\n\t\t<\/div>\n\t\t\t\t\t<\/div>\n\t\t<\/section>\n\t\t\t\t<section class=\"elementor-section elementor-top-section elementor-element elementor-element-3c783ec elementor-section-boxed elementor-section-height-default elementor-section-height-default\" data-id=\"3c783ec\" data-element_type=\"section\">\n\t\t\t\t\t\t<div class=\"elementor-container elementor-column-gap-default\">\n\t\t\t\t\t<div class=\"elementor-column elementor-col-100 elementor-top-column elementor-element elementor-element-645bd9d\" data-id=\"645bd9d\" data-element_type=\"column\">\n\t\t\t<div class=\"elementor-widget-wrap elementor-element-populated\">\n\t\t\t\t\t\t<div class=\"elementor-element elementor-element-485ef9b elementor-widget elementor-widget-text-editor\" data-id=\"485ef9b\" data-element_type=\"widget\" data-widget_type=\"text-editor.default\">\n\t\t\t\t<div class=\"elementor-widget-container\">\n\t\t\t\t\t\t\t\t\t<p><strong>Ein-Zimmer-Wohnung mit 2 Schlafpl\u00e4tzen auf 25 qm<\/strong>: Wohnbereich mit voll ausgestatteter K\u00fcche, Ehebett f\u00fcr 2 Personen und Badezimmer. Kleine m\u00f6blierte Terrasse mit Zugang zum Garten.<\/p>\n<p><strong>Ein-Zimmer-Wohnung Superior mit 4 Schlafpl\u00e4tzen auf 35 qm<\/strong>: Wohnbereich mit gemauerter, voll ausgestatteter K\u00fcche, Ehebett f\u00fcr 2 Personen, ein Durchgangszimmer mit Etagenbett f\u00fcr 2 Personen und Badezimmer. Moeblierte Terrasse und direkten Zugang zum Garten.<\/p>\n\t\t\t\t\t\t\t\t<\/div>\n\t\t\t\t<\/div>\n\t\t\t\t\t<\/div>\n\t\t<\/div>\n\t\t\t\t\t<\/div>\n\t\t<\/section>\n\t\t\t\t<section class=\"elementor-section elementor-top-section elementor-element elementor-element-5a153f20 elementor-section-boxed elementor-section-height-default elementor-section-height-default\" data-id=\"5a153f20\" data-element_type=\"section\">\n\t\t\t\t\t\t<div class=\"elementor-container elementor-column-gap-default\">\n\t\t\t\t\t<div class=\"elementor-column elementor-col-100 elementor-top-column elementor-element elementor-element-57b2a932\" data-id=\"57b2a932\" data-element_type=\"column\">\n\t\t\t<div class=\"elementor-widget-wrap elementor-element-populated\">\n\t\t\t\t\t\t<div class=\"elementor-element elementor-element-28f2fc7 elementor-widget elementor-widget-mfn_gallery\" data-id=\"28f2fc7\" data-element_type=\"widget\" data-widget_type=\"mfn_gallery.default\">\n\t\t\t\t<div class=\"elementor-widget-container\">\n\t\t\t\t\t\n\t\t\t<style type='text\/css'>\n\t\t\t\t#sc_gallery-1 {\n\t\t\t\t\tmargin: auto;\n\t\t\t\t}\n\t\t\t\t#sc_gallery-1 .gallery-item {\n\t\t\t\t\tfloat: left;\n\t\t\t\t\ttext-align: center;\n\t\t\t\t\twidth: 33.33%;\n\t\t\t\t}\n\t\t\t\t#sc_gallery-1 img {\n\t\t\t\t\tborder: 2px solid #cfcfcf;\n\t\t\t\t}\n\t\t\t\t\/* see sc_gallery() in functions\/theme-shortcodes.php *\/\n\t\t\t<\/style>\n\t\t<div id='sc_gallery-1' class='gallery galleryid-1414 gallery-columns-3 gallery-size-thumbnail file element_classes gallery-default'><dl class='gallery-item'  data-title='212' data-description=''><div class='gallery-item-wrapper'>\n\t\t\t\t<dt class='gallery-icon portrait'>\n\t\t\t\t\t<a href='https:\/\/www.belvedereelba.it\/wp-content\/uploads\/2022\/12\/212.jpg'><img fetchpriority=\"high\" decoding=\"async\" width=\"450\" height=\"450\" src=\"https:\/\/www.belvedereelba.it\/wp-content\/uploads\/2022\/12\/212-450x450.jpg\" class=\"attachment-thumbnail size-thumbnail\" alt=\"\" srcset=\"https:\/\/www.belvedereelba.it\/wp-content\/uploads\/2022\/12\/212-450x450.jpg 450w, https:\/\/www.belvedereelba.it\/wp-content\/uploads\/2022\/12\/212-85x85.jpg 85w, https:\/\/www.belvedereelba.it\/wp-content\/uploads\/2022\/12\/212-80x80.jpg 80w\" sizes=\"(max-width:767px) 450px, 450px\" \/><\/a>\n\t\t\t\t<\/dt><\/div><\/dl><dl class='gallery-item'  data-title='215' data-description=''><div class='gallery-item-wrapper'>\n\t\t\t\t<dt class='gallery-icon landscape'>\n\t\t\t\t\t<a href='https:\/\/www.belvedereelba.it\/wp-content\/uploads\/2022\/12\/215.jpg'><img decoding=\"async\" width=\"450\" height=\"450\" src=\"https:\/\/www.belvedereelba.it\/wp-content\/uploads\/2022\/12\/215-450x450.jpg\" class=\"attachment-thumbnail size-thumbnail\" alt=\"\" srcset=\"https:\/\/www.belvedereelba.it\/wp-content\/uploads\/2022\/12\/215-450x450.jpg 450w, https:\/\/www.belvedereelba.it\/wp-content\/uploads\/2022\/12\/215-85x85.jpg 85w, https:\/\/www.belvedereelba.it\/wp-content\/uploads\/2022\/12\/215-80x80.jpg 80w\" sizes=\"(max-width:767px) 450px, 450px\" \/><\/a>\n\t\t\t\t<\/dt><\/div><\/dl><dl class='gallery-item'  data-title='218' data-description=''><div class='gallery-item-wrapper'>\n\t\t\t\t<dt class='gallery-icon landscape'>\n\t\t\t\t\t<a href='https:\/\/www.belvedereelba.it\/wp-content\/uploads\/2022\/12\/218.jpg'><img decoding=\"async\" width=\"450\" height=\"450\" src=\"https:\/\/www.belvedereelba.it\/wp-content\/uploads\/2022\/12\/218-450x450.jpg\" class=\"attachment-thumbnail size-thumbnail\" alt=\"\" srcset=\"https:\/\/www.belvedereelba.it\/wp-content\/uploads\/2022\/12\/218-450x450.jpg 450w, https:\/\/www.belvedereelba.it\/wp-content\/uploads\/2022\/12\/218-85x85.jpg 85w, https:\/\/www.belvedereelba.it\/wp-content\/uploads\/2022\/12\/218-80x80.jpg 80w\" sizes=\"(max-width:767px) 450px, 450px\" \/><\/a>\n\t\t\t\t<\/dt><\/div><\/dl><br style=\"clear: both\" \/><dl class='gallery-item'  data-title='219' data-description=''><div class='gallery-item-wrapper'>\n\t\t\t\t<dt class='gallery-icon landscape'>\n\t\t\t\t\t<a href='https:\/\/www.belvedereelba.it\/wp-content\/uploads\/2022\/12\/219.jpg'><img loading=\"lazy\" decoding=\"async\" width=\"450\" height=\"450\" src=\"https:\/\/www.belvedereelba.it\/wp-content\/uploads\/2022\/12\/219-450x450.jpg\" class=\"attachment-thumbnail size-thumbnail\" alt=\"\" srcset=\"https:\/\/www.belvedereelba.it\/wp-content\/uploads\/2022\/12\/219-450x450.jpg 450w, https:\/\/www.belvedereelba.it\/wp-content\/uploads\/2022\/12\/219-85x85.jpg 85w, https:\/\/www.belvedereelba.it\/wp-content\/uploads\/2022\/12\/219-80x80.jpg 80w\" sizes=\"(max-width:767px) 450px, 450px\" \/><\/a>\n\t\t\t\t<\/dt><\/div><\/dl><dl class='gallery-item'  data-title='228' data-description=''><div class='gallery-item-wrapper'>\n\t\t\t\t<dt class='gallery-icon landscape'>\n\t\t\t\t\t<a href='https:\/\/www.belvedereelba.it\/wp-content\/uploads\/2022\/12\/228.jpg'><img loading=\"lazy\" decoding=\"async\" width=\"450\" height=\"450\" src=\"https:\/\/www.belvedereelba.it\/wp-content\/uploads\/2022\/12\/228-450x450.jpg\" class=\"attachment-thumbnail size-thumbnail\" alt=\"\" srcset=\"https:\/\/www.belvedereelba.it\/wp-content\/uploads\/2022\/12\/228-450x450.jpg 450w, https:\/\/www.belvedereelba.it\/wp-content\/uploads\/2022\/12\/228-85x85.jpg 85w, https:\/\/www.belvedereelba.it\/wp-content\/uploads\/2022\/12\/228-80x80.jpg 80w\" sizes=\"(max-width:767px) 450px, 450px\" \/><\/a>\n\t\t\t\t<\/dt><\/div><\/dl><dl class='gallery-item'  data-title='229' data-description=''><div class='gallery-item-wrapper'>\n\t\t\t\t<dt class='gallery-icon landscape'>\n\t\t\t\t\t<a href='https:\/\/www.belvedereelba.it\/wp-content\/uploads\/2022\/12\/229.jpg'><img loading=\"lazy\" decoding=\"async\" width=\"450\" height=\"450\" src=\"https:\/\/www.belvedereelba.it\/wp-content\/uploads\/2022\/12\/229-450x450.jpg\" class=\"attachment-thumbnail size-thumbnail\" alt=\"\" srcset=\"https:\/\/www.belvedereelba.it\/wp-content\/uploads\/2022\/12\/229-450x450.jpg 450w, https:\/\/www.belvedereelba.it\/wp-content\/uploads\/2022\/12\/229-85x85.jpg 85w, https:\/\/www.belvedereelba.it\/wp-content\/uploads\/2022\/12\/229-80x80.jpg 80w\" sizes=\"(max-width:767px) 450px, 450px\" \/><\/a>\n\t\t\t\t<\/dt><\/div><\/dl><br style=\"clear: both\" \/><dl class='gallery-item'  data-title='230' data-description=''><div class='gallery-item-wrapper'>\n\t\t\t\t<dt class='gallery-icon landscape'>\n\t\t\t\t\t<a href='https:\/\/www.belvedereelba.it\/wp-content\/uploads\/2022\/12\/230.jpg'><img loading=\"lazy\" decoding=\"async\" width=\"450\" height=\"450\" src=\"https:\/\/www.belvedereelba.it\/wp-content\/uploads\/2022\/12\/230-450x450.jpg\" class=\"attachment-thumbnail size-thumbnail\" alt=\"\" srcset=\"https:\/\/www.belvedereelba.it\/wp-content\/uploads\/2022\/12\/230-450x450.jpg 450w, https:\/\/www.belvedereelba.it\/wp-content\/uploads\/2022\/12\/230-85x85.jpg 85w, https:\/\/www.belvedereelba.it\/wp-content\/uploads\/2022\/12\/230-80x80.jpg 80w\" sizes=\"(max-width:767px) 450px, 450px\" \/><\/a>\n\t\t\t\t<\/dt><\/div><\/dl><dl class='gallery-item'  data-title='233' data-description=''><div class='gallery-item-wrapper'>\n\t\t\t\t<dt class='gallery-icon landscape'>\n\t\t\t\t\t<a href='https:\/\/www.belvedereelba.it\/wp-content\/uploads\/2022\/12\/233.jpg'><img loading=\"lazy\" decoding=\"async\" width=\"450\" height=\"450\" src=\"https:\/\/www.belvedereelba.it\/wp-content\/uploads\/2022\/12\/233-450x450.jpg\" class=\"attachment-thumbnail size-thumbnail\" alt=\"\" srcset=\"https:\/\/www.belvedereelba.it\/wp-content\/uploads\/2022\/12\/233-450x450.jpg 450w, https:\/\/www.belvedereelba.it\/wp-content\/uploads\/2022\/12\/233-85x85.jpg 85w, https:\/\/www.belvedereelba.it\/wp-content\/uploads\/2022\/12\/233-80x80.jpg 80w\" sizes=\"(max-width:767px) 450px, 450px\" \/><\/a>\n\t\t\t\t<\/dt><\/div><\/dl><dl class='gallery-item'  data-title='mono-06' data-description=''><div class='gallery-item-wrapper'>\n\t\t\t\t<dt class='gallery-icon landscape'>\n\t\t\t\t\t<a href='https:\/\/www.belvedereelba.it\/wp-content\/uploads\/2021\/03\/mono-06.jpg'><img loading=\"lazy\" decoding=\"async\" width=\"450\" height=\"450\" src=\"https:\/\/www.belvedereelba.it\/wp-content\/uploads\/2021\/03\/mono-06-450x450.jpg\" class=\"attachment-thumbnail size-thumbnail\" alt=\"\" srcset=\"https:\/\/www.belvedereelba.it\/wp-content\/uploads\/2021\/03\/mono-06-450x450.jpg 450w, https:\/\/www.belvedereelba.it\/wp-content\/uploads\/2021\/03\/mono-06-85x85.jpg 85w, https:\/\/www.belvedereelba.it\/wp-content\/uploads\/2021\/03\/mono-06-80x80.jpg 80w\" sizes=\"(max-width:767px) 450px, 450px\" \/><\/a>\n\t\t\t\t<\/dt><\/div><\/dl><br style=\"clear: both\" \/><dl class='gallery-item'  data-title='Mono 1' data-description=''><div class='gallery-item-wrapper'>\n\t\t\t\t<dt class='gallery-icon portrait'>\n\t\t\t\t\t<a href='https:\/\/www.belvedereelba.it\/wp-content\/uploads\/2022\/12\/Mono-1-1.jpg'><img loading=\"lazy\" decoding=\"async\" width=\"450\" height=\"450\" src=\"https:\/\/www.belvedereelba.it\/wp-content\/uploads\/2022\/12\/Mono-1-1-450x450.jpg\" class=\"attachment-thumbnail size-thumbnail\" alt=\"\" srcset=\"https:\/\/www.belvedereelba.it\/wp-content\/uploads\/2022\/12\/Mono-1-1-450x450.jpg 450w, https:\/\/www.belvedereelba.it\/wp-content\/uploads\/2022\/12\/Mono-1-1-85x85.jpg 85w, https:\/\/www.belvedereelba.it\/wp-content\/uploads\/2022\/12\/Mono-1-1-80x80.jpg 80w\" sizes=\"(max-width:767px) 450px, 450px\" \/><\/a>\n\t\t\t\t<\/dt><\/div><\/dl><dl class='gallery-item'  data-title='Mono 2' data-description=''><div class='gallery-item-wrapper'>\n\t\t\t\t<dt class='gallery-icon landscape'>\n\t\t\t\t\t<a href='https:\/\/www.belvedereelba.it\/wp-content\/uploads\/2022\/12\/Mono-2-1.jpg'><img loading=\"lazy\" decoding=\"async\" width=\"450\" height=\"450\" src=\"https:\/\/www.belvedereelba.it\/wp-content\/uploads\/2022\/12\/Mono-2-1-450x450.jpg\" class=\"attachment-thumbnail size-thumbnail\" alt=\"\" srcset=\"https:\/\/www.belvedereelba.it\/wp-content\/uploads\/2022\/12\/Mono-2-1-450x450.jpg 450w, https:\/\/www.belvedereelba.it\/wp-content\/uploads\/2022\/12\/Mono-2-1-85x85.jpg 85w, https:\/\/www.belvedereelba.it\/wp-content\/uploads\/2022\/12\/Mono-2-1-80x80.jpg 80w\" sizes=\"(max-width:767px) 450px, 450px\" \/><\/a>\n\t\t\t\t<\/dt><\/div><\/dl><dl class='gallery-item'  data-title='mono-04' data-description=''><div class='gallery-item-wrapper'>\n\t\t\t\t<dt class='gallery-icon portrait'>\n\t\t\t\t\t<a href='https:\/\/www.belvedereelba.it\/wp-content\/uploads\/2021\/03\/mono-04.jpg'><img loading=\"lazy\" decoding=\"async\" width=\"450\" height=\"450\" src=\"https:\/\/www.belvedereelba.it\/wp-content\/uploads\/2021\/03\/mono-04-450x450.jpg\" class=\"attachment-thumbnail size-thumbnail\" alt=\"\" srcset=\"https:\/\/www.belvedereelba.it\/wp-content\/uploads\/2021\/03\/mono-04-450x450.jpg 450w, https:\/\/www.belvedereelba.it\/wp-content\/uploads\/2021\/03\/mono-04-85x85.jpg 85w, https:\/\/www.belvedereelba.it\/wp-content\/uploads\/2021\/03\/mono-04-80x80.jpg 80w\" sizes=\"(max-width:767px) 450px, 450px\" \/><\/a>\n\t\t\t\t<\/dt><\/div><\/dl><br style=\"clear: both\" \/><dl class='gallery-item'  data-title='Mono 3' data-description=''><div class='gallery-item-wrapper'>\n\t\t\t\t<dt class='gallery-icon landscape'>\n\t\t\t\t\t<a href='https:\/\/www.belvedereelba.it\/wp-content\/uploads\/2022\/12\/Mono-3-1.jpg'><img loading=\"lazy\" decoding=\"async\" width=\"450\" height=\"450\" src=\"https:\/\/www.belvedereelba.it\/wp-content\/uploads\/2022\/12\/Mono-3-1-450x450.jpg\" class=\"attachment-thumbnail size-thumbnail\" alt=\"\" srcset=\"https:\/\/www.belvedereelba.it\/wp-content\/uploads\/2022\/12\/Mono-3-1-450x450.jpg 450w, https:\/\/www.belvedereelba.it\/wp-content\/uploads\/2022\/12\/Mono-3-1-85x85.jpg 85w, https:\/\/www.belvedereelba.it\/wp-content\/uploads\/2022\/12\/Mono-3-1-80x80.jpg 80w\" sizes=\"(max-width:767px) 450px, 450px\" \/><\/a>\n\t\t\t\t<\/dt><\/div><\/dl><dl class='gallery-item'  data-title='Mono 4' data-description=''><div class='gallery-item-wrapper'>\n\t\t\t\t<dt class='gallery-icon portrait'>\n\t\t\t\t\t<a href='https:\/\/www.belvedereelba.it\/wp-content\/uploads\/2022\/12\/Mono-4-1.jpg'><img loading=\"lazy\" decoding=\"async\" width=\"450\" height=\"450\" src=\"https:\/\/www.belvedereelba.it\/wp-content\/uploads\/2022\/12\/Mono-4-1-450x450.jpg\" class=\"attachment-thumbnail size-thumbnail\" alt=\"\" srcset=\"https:\/\/www.belvedereelba.it\/wp-content\/uploads\/2022\/12\/Mono-4-1-450x450.jpg 450w, https:\/\/www.belvedereelba.it\/wp-content\/uploads\/2022\/12\/Mono-4-1-85x85.jpg 85w, https:\/\/www.belvedereelba.it\/wp-content\/uploads\/2022\/12\/Mono-4-1-80x80.jpg 80w\" sizes=\"(max-width:767px) 450px, 450px\" \/><\/a>\n\t\t\t\t<\/dt><\/div><\/dl>\n\t\t\t\t<br style='clear: both' \/>\n\t\t\t<\/div>\n\t\t\t\t<\/div>\n\t\t\t\t<\/div>\n\t\t\t\t\t<\/div>\n\t\t<\/div>\n\t\t\t\t\t<\/div>\n\t\t<\/section>\n\t\t\t\t<\/div>\n\t\t","protected":false},"excerpt":{"rendered":"<p>Ein-Zimmer-Wohnung Ein-Zimmer-Wohnung mit 2 Schlafpl\u00e4tzen auf 25 qm: Wohnbereich mit voll ausgestatteter K\u00fcche, Ehebett f\u00fcr 2 Personen und Badezimmer. Kleine m\u00f6blierte Terrasse mit Zugang zum Garten.<span class=\"excerpt-hellip\"> [\u2026]<\/span><\/p>\n","protected":false},"author":1,"featured_media":0,"parent":0,"menu_order":0,"comment_status":"closed","ping_status":"closed","template":"","meta":{"footnotes":""},"class_list":["post-1414","page","type-page","status-publish","hentry"],"_links":{"self":[{"href":"https:\/\/www.belvedereelba.it\/de\/wp-json\/wp\/v2\/pages\/1414","targetHints":{"allow":["GET"]}}],"collection":[{"href":"https:\/\/www.belvedereelba.it\/de\/wp-json\/wp\/v2\/pages"}],"about":[{"href":"https:\/\/www.belvedereelba.it\/de\/wp-json\/wp\/v2\/types\/page"}],"author":[{"embeddable":true,"href":"https:\/\/www.belvedereelba.it\/de\/wp-json\/wp\/v2\/users\/1"}],"replies":[{"embeddable":true,"href":"https:\/\/www.belvedereelba.it\/de\/wp-json\/wp\/v2\/comments?post=1414"}],"version-history":[{"count":5,"href":"https:\/\/www.belvedereelba.it\/de\/wp-json\/wp\/v2\/pages\/1414\/revisions"}],"predecessor-version":[{"id":2385,"href":"https:\/\/www.belvedereelba.it\/de\/wp-json\/wp\/v2\/pages\/1414\/revisions\/2385"}],"wp:attachment":[{"href":"https:\/\/www.belvedereelba.it\/de\/wp-json\/wp\/v2\/media?parent=1414"}],"curies":[{"name":"wp","href":"https:\/\/api.w.org\/{rel}","templated":true}]}}