{"id":1433,"date":"2021-03-29T16:51:54","date_gmt":"2021-03-29T14:51:54","guid":{"rendered":"https:\/\/www.belvedereelba.it\/spiagge\/"},"modified":"2025-08-16T11:38:10","modified_gmt":"2025-08-16T09:38:10","slug":"straende","status":"publish","type":"page","link":"https:\/\/www.belvedereelba.it\/de\/straende\/","title":{"rendered":"Str\u00e4nde"},"content":{"rendered":"\t\t<div data-elementor-type=\"wp-page\" data-elementor-id=\"1433\" class=\"elementor elementor-1433 elementor-505\">\n\t\t\t\t\t\t<section class=\"elementor-section elementor-top-section elementor-element elementor-element-9ea0bac elementor-section-boxed elementor-section-height-default elementor-section-height-default\" data-id=\"9ea0bac\" data-element_type=\"section\">\n\t\t\t\t\t\t<div class=\"elementor-container elementor-column-gap-default\">\n\t\t\t\t\t<div class=\"elementor-column elementor-col-100 elementor-top-column elementor-element elementor-element-5cda34e0\" data-id=\"5cda34e0\" data-element_type=\"column\">\n\t\t\t<div class=\"elementor-widget-wrap elementor-element-populated\">\n\t\t\t\t\t\t<div class=\"elementor-element elementor-element-ee9e964 elementor-widget elementor-widget-heading\" data-id=\"ee9e964\" data-element_type=\"widget\" data-widget_type=\"heading.default\">\n\t\t\t\t<div class=\"elementor-widget-container\">\n\t\t\t\t\t<h1 class=\"elementor-heading-title elementor-size-default\">Unsere 2 Str\u00e4nde<\/h1>\t\t\t\t<\/div>\n\t\t\t\t<\/div>\n\t\t\t\t<div class=\"elementor-element elementor-element-5d11de57 elementor-widget elementor-widget-heading\" data-id=\"5d11de57\" data-element_type=\"widget\" data-widget_type=\"heading.default\">\n\t\t\t\t<div class=\"elementor-widget-container\">\n\t\t\t\t\t<h3 class=\"elementor-heading-title elementor-size-default\">nur 4 Minuten zu Fuss 200 m enfernt <\/h3>\t\t\t\t<\/div>\n\t\t\t\t<\/div>\n\t\t\t\t\t<\/div>\n\t\t<\/div>\n\t\t\t\t\t<\/div>\n\t\t<\/section>\n\t\t\t\t<section class=\"elementor-section elementor-top-section elementor-element elementor-element-36f26229 elementor-section-boxed elementor-section-height-default elementor-section-height-default\" data-id=\"36f26229\" data-element_type=\"section\">\n\t\t\t\t\t\t<div class=\"elementor-container elementor-column-gap-default\">\n\t\t\t\t\t<div class=\"elementor-column elementor-col-100 elementor-top-column elementor-element elementor-element-771705d2\" data-id=\"771705d2\" data-element_type=\"column\">\n\t\t\t<div class=\"elementor-widget-wrap elementor-element-populated\">\n\t\t\t\t\t\t<div class=\"elementor-element elementor-element-1017caf elementor-widget elementor-widget-text-editor\" data-id=\"1017caf\" data-element_type=\"widget\" data-widget_type=\"text-editor.default\">\n\t\t\t\t<div class=\"elementor-widget-container\">\n\t\t\t\t\t\t\t\t\t<p>Die &#8222;Gr\u00fcne K\u00fcste&#8220; (eine Panoramastrasse von 6 km L\u00e4nge hinter Portoferraio) tr\u00e4gt ihren Namen wegen der Farbe des Meers und der ewig gr\u00fcnen Macchia-Vegetation, die \u00fcberall dicht w\u00e4chst, bekommen.<\/p>\n<p>Man kann im t\u00fcrkisblauen Meer der herrlichen Buchten und Str\u00e4nde (Le Ghiaie, Padulella, Enfola) baden, auf strahlend weissen, mal sanft, mal steil abfallenden Felsklippen (Capo Bianco, Sottobomba, Prunini) sonnenbaden oder einsame Buchten erschliessen die nur zu Fuss oder \u00fcber das Meer erreichbar sind.<\/p>\n<h3 style=\"text-align: center;\">Atemberaubende Aussichten und Sonnenunterg\u00e4nge weden Sie so schnell nicht vergessen.<\/h3>\n\t\t\t\t\t\t\t\t<\/div>\n\t\t\t\t<\/div>\n\t\t\t\t\t<\/div>\n\t\t<\/div>\n\t\t\t\t\t<\/div>\n\t\t<\/section>\n\t\t\t\t<section class=\"elementor-section elementor-top-section elementor-element elementor-element-63c41bd elementor-section-boxed elementor-section-height-default elementor-section-height-default\" data-id=\"63c41bd\" data-element_type=\"section\">\n\t\t\t\t\t\t<div class=\"elementor-container elementor-column-gap-default\">\n\t\t\t\t\t<div class=\"elementor-column elementor-col-100 elementor-top-column elementor-element elementor-element-14d1fab\" data-id=\"14d1fab\" data-element_type=\"column\">\n\t\t\t<div class=\"elementor-widget-wrap elementor-element-populated\">\n\t\t\t\t\t\t<div class=\"elementor-element elementor-element-7ab5ca1 elementor-widget elementor-widget-mfn_gallery\" data-id=\"7ab5ca1\" data-element_type=\"widget\" data-widget_type=\"mfn_gallery.default\">\n\t\t\t\t<div class=\"elementor-widget-container\">\n\t\t\t\t\t\n\t\t\t<style type='text\/css'>\n\t\t\t\t#sc_gallery-1 {\n\t\t\t\t\tmargin: auto;\n\t\t\t\t}\n\t\t\t\t#sc_gallery-1 .gallery-item {\n\t\t\t\t\tfloat: left;\n\t\t\t\t\ttext-align: center;\n\t\t\t\t\twidth: 33.33%;\n\t\t\t\t}\n\t\t\t\t#sc_gallery-1 img {\n\t\t\t\t\tborder: 2px solid #cfcfcf;\n\t\t\t\t}\n\t\t\t\t\/* see sc_gallery() in functions\/theme-shortcodes.php *\/\n\t\t\t<\/style>\n\t\t<div id='sc_gallery-1' class='gallery galleryid-1433 gallery-columns-3 gallery-size-thumbnail file element_classes gallery-default'><dl class='gallery-item'  data-title='1' data-description=''><div class='gallery-item-wrapper'>\n\t\t\t\t<dt class='gallery-icon landscape'>\n\t\t\t\t\t<a href='https:\/\/www.belvedereelba.it\/wp-content\/uploads\/2024\/03\/1.jpg'><img fetchpriority=\"high\" decoding=\"async\" width=\"450\" height=\"450\" src=\"https:\/\/www.belvedereelba.it\/wp-content\/uploads\/2024\/03\/1-450x450.jpg\" class=\"attachment-thumbnail size-thumbnail\" alt=\"\" srcset=\"https:\/\/www.belvedereelba.it\/wp-content\/uploads\/2024\/03\/1-450x450.jpg 450w, https:\/\/www.belvedereelba.it\/wp-content\/uploads\/2024\/03\/1-150x150.jpg 150w\" sizes=\"(max-width:767px) 450px, 450px\" \/><\/a>\n\t\t\t\t<\/dt><\/div><\/dl><dl class='gallery-item'  data-title='2' data-description=''><div class='gallery-item-wrapper'>\n\t\t\t\t<dt class='gallery-icon landscape'>\n\t\t\t\t\t<a href='https:\/\/www.belvedereelba.it\/wp-content\/uploads\/2024\/03\/2.jpg'><img decoding=\"async\" width=\"450\" height=\"450\" src=\"https:\/\/www.belvedereelba.it\/wp-content\/uploads\/2024\/03\/2-450x450.jpg\" class=\"attachment-thumbnail size-thumbnail\" alt=\"\" srcset=\"https:\/\/www.belvedereelba.it\/wp-content\/uploads\/2024\/03\/2-450x450.jpg 450w, https:\/\/www.belvedereelba.it\/wp-content\/uploads\/2024\/03\/2-150x150.jpg 150w\" sizes=\"(max-width:767px) 450px, 450px\" \/><\/a>\n\t\t\t\t<\/dt><\/div><\/dl><dl class='gallery-item'  data-title='3' data-description=''><div class='gallery-item-wrapper'>\n\t\t\t\t<dt class='gallery-icon landscape'>\n\t\t\t\t\t<a href='https:\/\/www.belvedereelba.it\/wp-content\/uploads\/2024\/03\/3.jpg'><img decoding=\"async\" width=\"450\" height=\"450\" src=\"https:\/\/www.belvedereelba.it\/wp-content\/uploads\/2024\/03\/3-450x450.jpg\" class=\"attachment-thumbnail size-thumbnail\" alt=\"\" srcset=\"https:\/\/www.belvedereelba.it\/wp-content\/uploads\/2024\/03\/3-450x450.jpg 450w, https:\/\/www.belvedereelba.it\/wp-content\/uploads\/2024\/03\/3-150x150.jpg 150w\" sizes=\"(max-width:767px) 450px, 450px\" \/><\/a>\n\t\t\t\t<\/dt><\/div><\/dl><br style=\"clear: both\" \/><dl class='gallery-item'  data-title='4' data-description=''><div class='gallery-item-wrapper'>\n\t\t\t\t<dt class='gallery-icon portrait'>\n\t\t\t\t\t<a href='https:\/\/www.belvedereelba.it\/wp-content\/uploads\/2024\/03\/4.jpg'><img loading=\"lazy\" decoding=\"async\" width=\"450\" height=\"450\" src=\"https:\/\/www.belvedereelba.it\/wp-content\/uploads\/2024\/03\/4-450x450.jpg\" class=\"attachment-thumbnail size-thumbnail\" alt=\"\" srcset=\"https:\/\/www.belvedereelba.it\/wp-content\/uploads\/2024\/03\/4-450x450.jpg 450w, https:\/\/www.belvedereelba.it\/wp-content\/uploads\/2024\/03\/4-150x150.jpg 150w\" sizes=\"(max-width:767px) 450px, 450px\" \/><\/a>\n\t\t\t\t<\/dt><\/div><\/dl><dl class='gallery-item'  data-title='5' data-description=''><div class='gallery-item-wrapper'>\n\t\t\t\t<dt class='gallery-icon landscape'>\n\t\t\t\t\t<a href='https:\/\/www.belvedereelba.it\/wp-content\/uploads\/2024\/03\/5.jpg'><img loading=\"lazy\" decoding=\"async\" width=\"450\" height=\"450\" src=\"https:\/\/www.belvedereelba.it\/wp-content\/uploads\/2024\/03\/5-450x450.jpg\" class=\"attachment-thumbnail size-thumbnail\" alt=\"\" srcset=\"https:\/\/www.belvedereelba.it\/wp-content\/uploads\/2024\/03\/5-450x450.jpg 450w, https:\/\/www.belvedereelba.it\/wp-content\/uploads\/2024\/03\/5-150x150.jpg 150w\" sizes=\"(max-width:767px) 450px, 450px\" \/><\/a>\n\t\t\t\t<\/dt><\/div><\/dl><dl class='gallery-item'  data-title='6' data-description=''><div class='gallery-item-wrapper'>\n\t\t\t\t<dt class='gallery-icon landscape'>\n\t\t\t\t\t<a href='https:\/\/www.belvedereelba.it\/wp-content\/uploads\/2021\/04\/6.jpg'><img loading=\"lazy\" decoding=\"async\" width=\"450\" height=\"450\" src=\"https:\/\/www.belvedereelba.it\/wp-content\/uploads\/2021\/04\/6-450x450.jpg\" class=\"attachment-thumbnail size-thumbnail\" alt=\"\" srcset=\"https:\/\/www.belvedereelba.it\/wp-content\/uploads\/2021\/04\/6-450x450.jpg 450w, https:\/\/www.belvedereelba.it\/wp-content\/uploads\/2021\/04\/6-85x85.jpg 85w, https:\/\/www.belvedereelba.it\/wp-content\/uploads\/2021\/04\/6-80x80.jpg 80w\" sizes=\"(max-width:767px) 450px, 450px\" \/><\/a>\n\t\t\t\t<\/dt><\/div><\/dl><br style=\"clear: both\" \/><dl class='gallery-item'  data-title='spiagge-07' data-description=''><div class='gallery-item-wrapper'>\n\t\t\t\t<dt class='gallery-icon landscape'>\n\t\t\t\t\t<a href='https:\/\/www.belvedereelba.it\/wp-content\/uploads\/2021\/03\/spiagge-07.jpg'><img loading=\"lazy\" decoding=\"async\" width=\"450\" height=\"450\" src=\"https:\/\/www.belvedereelba.it\/wp-content\/uploads\/2021\/03\/spiagge-07-450x450.jpg\" class=\"attachment-thumbnail size-thumbnail\" alt=\"\" srcset=\"https:\/\/www.belvedereelba.it\/wp-content\/uploads\/2021\/03\/spiagge-07-450x450.jpg 450w, https:\/\/www.belvedereelba.it\/wp-content\/uploads\/2021\/03\/spiagge-07-85x85.jpg 85w, https:\/\/www.belvedereelba.it\/wp-content\/uploads\/2021\/03\/spiagge-07-80x80.jpg 80w\" sizes=\"(max-width:767px) 450px, 450px\" \/><\/a>\n\t\t\t\t<\/dt><\/div><\/dl><dl class='gallery-item'  data-title='spiagge-08' data-description=''><div class='gallery-item-wrapper'>\n\t\t\t\t<dt class='gallery-icon landscape'>\n\t\t\t\t\t<a href='https:\/\/www.belvedereelba.it\/wp-content\/uploads\/2021\/03\/spiagge-08.jpg'><img loading=\"lazy\" decoding=\"async\" width=\"450\" height=\"450\" src=\"https:\/\/www.belvedereelba.it\/wp-content\/uploads\/2021\/03\/spiagge-08-450x450.jpg\" class=\"attachment-thumbnail size-thumbnail\" alt=\"\" srcset=\"https:\/\/www.belvedereelba.it\/wp-content\/uploads\/2021\/03\/spiagge-08-450x450.jpg 450w, https:\/\/www.belvedereelba.it\/wp-content\/uploads\/2021\/03\/spiagge-08-85x85.jpg 85w, https:\/\/www.belvedereelba.it\/wp-content\/uploads\/2021\/03\/spiagge-08-80x80.jpg 80w\" sizes=\"(max-width:767px) 450px, 450px\" \/><\/a>\n\t\t\t\t<\/dt><\/div><\/dl><dl class='gallery-item'  data-title='spiagge-10' data-description=''><div class='gallery-item-wrapper'>\n\t\t\t\t<dt class='gallery-icon landscape'>\n\t\t\t\t\t<a href='https:\/\/www.belvedereelba.it\/wp-content\/uploads\/2021\/03\/spiagge-10.jpg'><img loading=\"lazy\" decoding=\"async\" width=\"450\" height=\"450\" src=\"https:\/\/www.belvedereelba.it\/wp-content\/uploads\/2021\/03\/spiagge-10-450x450.jpg\" class=\"attachment-thumbnail size-thumbnail\" alt=\"\" srcset=\"https:\/\/www.belvedereelba.it\/wp-content\/uploads\/2021\/03\/spiagge-10-450x450.jpg 450w, https:\/\/www.belvedereelba.it\/wp-content\/uploads\/2021\/03\/spiagge-10-85x85.jpg 85w, https:\/\/www.belvedereelba.it\/wp-content\/uploads\/2021\/03\/spiagge-10-80x80.jpg 80w\" sizes=\"(max-width:767px) 450px, 450px\" \/><\/a>\n\t\t\t\t<\/dt><\/div><\/dl><br style=\"clear: both\" \/><dl class='gallery-item'  data-title='10' data-description=''><div class='gallery-item-wrapper'>\n\t\t\t\t<dt class='gallery-icon landscape'>\n\t\t\t\t\t<a href='https:\/\/www.belvedereelba.it\/wp-content\/uploads\/2021\/04\/10.jpg'><img loading=\"lazy\" decoding=\"async\" width=\"450\" height=\"450\" src=\"https:\/\/www.belvedereelba.it\/wp-content\/uploads\/2021\/04\/10-450x450.jpg\" class=\"attachment-thumbnail size-thumbnail\" alt=\"\" srcset=\"https:\/\/www.belvedereelba.it\/wp-content\/uploads\/2021\/04\/10-450x450.jpg 450w, https:\/\/www.belvedereelba.it\/wp-content\/uploads\/2021\/04\/10-85x85.jpg 85w, https:\/\/www.belvedereelba.it\/wp-content\/uploads\/2021\/04\/10-80x80.jpg 80w\" sizes=\"(max-width:767px) 450px, 450px\" \/><\/a>\n\t\t\t\t<\/dt><\/div><\/dl><dl class='gallery-item'  data-title='11' data-description=''><div class='gallery-item-wrapper'>\n\t\t\t\t<dt class='gallery-icon portrait'>\n\t\t\t\t\t<a href='https:\/\/www.belvedereelba.it\/wp-content\/uploads\/2024\/03\/11.jpg'><img loading=\"lazy\" decoding=\"async\" width=\"450\" height=\"450\" src=\"https:\/\/www.belvedereelba.it\/wp-content\/uploads\/2024\/03\/11-450x450.jpg\" class=\"attachment-thumbnail size-thumbnail\" alt=\"\" srcset=\"https:\/\/www.belvedereelba.it\/wp-content\/uploads\/2024\/03\/11-450x450.jpg 450w, https:\/\/www.belvedereelba.it\/wp-content\/uploads\/2024\/03\/11-150x150.jpg 150w\" sizes=\"(max-width:767px) 450px, 450px\" \/><\/a>\n\t\t\t\t<\/dt><\/div><\/dl><dl class='gallery-item'  data-title='spiagge-13' data-description=''><div class='gallery-item-wrapper'>\n\t\t\t\t<dt class='gallery-icon portrait'>\n\t\t\t\t\t<a href='https:\/\/www.belvedereelba.it\/wp-content\/uploads\/2021\/03\/spiagge-13.jpg'><img loading=\"lazy\" decoding=\"async\" width=\"450\" height=\"450\" src=\"https:\/\/www.belvedereelba.it\/wp-content\/uploads\/2021\/03\/spiagge-13-450x450.jpg\" class=\"attachment-thumbnail size-thumbnail\" alt=\"\" srcset=\"https:\/\/www.belvedereelba.it\/wp-content\/uploads\/2021\/03\/spiagge-13-450x450.jpg 450w, https:\/\/www.belvedereelba.it\/wp-content\/uploads\/2021\/03\/spiagge-13-85x85.jpg 85w, https:\/\/www.belvedereelba.it\/wp-content\/uploads\/2021\/03\/spiagge-13-80x80.jpg 80w\" sizes=\"(max-width:767px) 450px, 450px\" \/><\/a>\n\t\t\t\t<\/dt><\/div><\/dl><br style=\"clear: both\" \/><dl class='gallery-item'  data-title='13' data-description=''><div class='gallery-item-wrapper'>\n\t\t\t\t<dt class='gallery-icon landscape'>\n\t\t\t\t\t<a href='https:\/\/www.belvedereelba.it\/wp-content\/uploads\/2021\/04\/13-1.jpg'><img loading=\"lazy\" decoding=\"async\" width=\"450\" height=\"450\" src=\"https:\/\/www.belvedereelba.it\/wp-content\/uploads\/2021\/04\/13-1-450x450.jpg\" class=\"attachment-thumbnail size-thumbnail\" alt=\"\" srcset=\"https:\/\/www.belvedereelba.it\/wp-content\/uploads\/2021\/04\/13-1-450x450.jpg 450w, https:\/\/www.belvedereelba.it\/wp-content\/uploads\/2021\/04\/13-1-85x85.jpg 85w, https:\/\/www.belvedereelba.it\/wp-content\/uploads\/2021\/04\/13-1-80x80.jpg 80w\" sizes=\"(max-width:767px) 450px, 450px\" \/><\/a>\n\t\t\t\t<\/dt><\/div><\/dl><dl class='gallery-item'  data-title='14' data-description=''><div class='gallery-item-wrapper'>\n\t\t\t\t<dt class='gallery-icon landscape'>\n\t\t\t\t\t<a href='https:\/\/www.belvedereelba.it\/wp-content\/uploads\/2021\/04\/14-1.jpg'><img loading=\"lazy\" decoding=\"async\" width=\"450\" height=\"450\" src=\"https:\/\/www.belvedereelba.it\/wp-content\/uploads\/2021\/04\/14-1-450x450.jpg\" class=\"attachment-thumbnail size-thumbnail\" alt=\"\" srcset=\"https:\/\/www.belvedereelba.it\/wp-content\/uploads\/2021\/04\/14-1-450x450.jpg 450w, https:\/\/www.belvedereelba.it\/wp-content\/uploads\/2021\/04\/14-1-85x85.jpg 85w, https:\/\/www.belvedereelba.it\/wp-content\/uploads\/2021\/04\/14-1-80x80.jpg 80w\" sizes=\"(max-width:767px) 450px, 450px\" \/><\/a>\n\t\t\t\t<\/dt><\/div><\/dl><dl class='gallery-item'  data-title='spiagge-09' data-description=''><div class='gallery-item-wrapper'>\n\t\t\t\t<dt class='gallery-icon landscape'>\n\t\t\t\t\t<a href='https:\/\/www.belvedereelba.it\/wp-content\/uploads\/2021\/03\/spiagge-09-1.jpg'><img loading=\"lazy\" decoding=\"async\" width=\"450\" height=\"450\" src=\"https:\/\/www.belvedereelba.it\/wp-content\/uploads\/2021\/03\/spiagge-09-1-450x450.jpg\" class=\"attachment-thumbnail size-thumbnail\" alt=\"\" srcset=\"https:\/\/www.belvedereelba.it\/wp-content\/uploads\/2021\/03\/spiagge-09-1-450x450.jpg 450w, https:\/\/www.belvedereelba.it\/wp-content\/uploads\/2021\/03\/spiagge-09-1-85x85.jpg 85w, https:\/\/www.belvedereelba.it\/wp-content\/uploads\/2021\/03\/spiagge-09-1-80x80.jpg 80w\" sizes=\"(max-width:767px) 450px, 450px\" \/><\/a>\n\t\t\t\t<\/dt><\/div><\/dl><br style=\"clear: both\" \/><dl class='gallery-item'  data-title='12' data-description=''><div class='gallery-item-wrapper'>\n\t\t\t\t<dt class='gallery-icon portrait'>\n\t\t\t\t\t<a href='https:\/\/www.belvedereelba.it\/wp-content\/uploads\/2021\/03\/12.jpg'><img loading=\"lazy\" decoding=\"async\" width=\"450\" height=\"450\" src=\"https:\/\/www.belvedereelba.it\/wp-content\/uploads\/2021\/03\/12-450x450.jpg\" class=\"attachment-thumbnail size-thumbnail\" alt=\"\" srcset=\"https:\/\/www.belvedereelba.it\/wp-content\/uploads\/2021\/03\/12-450x450.jpg 450w, https:\/\/www.belvedereelba.it\/wp-content\/uploads\/2021\/03\/12-85x85.jpg 85w, https:\/\/www.belvedereelba.it\/wp-content\/uploads\/2021\/03\/12-80x80.jpg 80w\" sizes=\"(max-width:767px) 450px, 450px\" \/><\/a>\n\t\t\t\t<\/dt><\/div><\/dl><dl class='gallery-item'  data-title='13' data-description=''><div class='gallery-item-wrapper'>\n\t\t\t\t<dt class='gallery-icon portrait'>\n\t\t\t\t\t<a href='https:\/\/www.belvedereelba.it\/wp-content\/uploads\/2021\/03\/13.jpg'><img loading=\"lazy\" decoding=\"async\" width=\"450\" height=\"450\" src=\"https:\/\/www.belvedereelba.it\/wp-content\/uploads\/2021\/03\/13-450x450.jpg\" class=\"attachment-thumbnail size-thumbnail\" alt=\"\" srcset=\"https:\/\/www.belvedereelba.it\/wp-content\/uploads\/2021\/03\/13-450x450.jpg 450w, https:\/\/www.belvedereelba.it\/wp-content\/uploads\/2021\/03\/13-85x85.jpg 85w, https:\/\/www.belvedereelba.it\/wp-content\/uploads\/2021\/03\/13-80x80.jpg 80w\" sizes=\"(max-width:767px) 450px, 450px\" \/><\/a>\n\t\t\t\t<\/dt><\/div><\/dl><dl class='gallery-item'  data-title='18' data-description=''><div class='gallery-item-wrapper'>\n\t\t\t\t<dt class='gallery-icon landscape'>\n\t\t\t\t\t<a href='https:\/\/www.belvedereelba.it\/wp-content\/uploads\/2024\/03\/18.jpg'><img loading=\"lazy\" decoding=\"async\" width=\"450\" height=\"450\" src=\"https:\/\/www.belvedereelba.it\/wp-content\/uploads\/2024\/03\/18-450x450.jpg\" class=\"attachment-thumbnail size-thumbnail\" alt=\"\" srcset=\"https:\/\/www.belvedereelba.it\/wp-content\/uploads\/2024\/03\/18-450x450.jpg 450w, https:\/\/www.belvedereelba.it\/wp-content\/uploads\/2024\/03\/18-150x150.jpg 150w\" sizes=\"(max-width:767px) 450px, 450px\" \/><\/a>\n\t\t\t\t<\/dt><\/div><\/dl><br style=\"clear: both\" \/><dl class='gallery-item'  data-title='19' data-description=''><div class='gallery-item-wrapper'>\n\t\t\t\t<dt class='gallery-icon portrait'>\n\t\t\t\t\t<a href='https:\/\/www.belvedereelba.it\/wp-content\/uploads\/2024\/03\/19.jpg'><img loading=\"lazy\" decoding=\"async\" width=\"450\" height=\"450\" src=\"https:\/\/www.belvedereelba.it\/wp-content\/uploads\/2024\/03\/19-450x450.jpg\" class=\"attachment-thumbnail size-thumbnail\" alt=\"\" srcset=\"https:\/\/www.belvedereelba.it\/wp-content\/uploads\/2024\/03\/19-450x450.jpg 450w, https:\/\/www.belvedereelba.it\/wp-content\/uploads\/2024\/03\/19-150x150.jpg 150w\" sizes=\"(max-width:767px) 450px, 450px\" \/><\/a>\n\t\t\t\t<\/dt><\/div><\/dl><dl class='gallery-item'  data-title='20' data-description=''><div class='gallery-item-wrapper'>\n\t\t\t\t<dt class='gallery-icon landscape'>\n\t\t\t\t\t<a href='https:\/\/www.belvedereelba.it\/wp-content\/uploads\/2021\/04\/20.jpg'><img loading=\"lazy\" decoding=\"async\" width=\"450\" height=\"450\" src=\"https:\/\/www.belvedereelba.it\/wp-content\/uploads\/2021\/04\/20-450x450.jpg\" class=\"attachment-thumbnail size-thumbnail\" alt=\"\" srcset=\"https:\/\/www.belvedereelba.it\/wp-content\/uploads\/2021\/04\/20-450x450.jpg 450w, https:\/\/www.belvedereelba.it\/wp-content\/uploads\/2021\/04\/20-85x85.jpg 85w, https:\/\/www.belvedereelba.it\/wp-content\/uploads\/2021\/04\/20-80x80.jpg 80w\" sizes=\"(max-width:767px) 450px, 450px\" \/><\/a>\n\t\t\t\t<\/dt><\/div><\/dl><dl class='gallery-item'  data-title='spiaggia 1' data-description=''><div class='gallery-item-wrapper'>\n\t\t\t\t<dt class='gallery-icon landscape'>\n\t\t\t\t\t<a href='https:\/\/www.belvedereelba.it\/wp-content\/uploads\/2022\/12\/spiaggia-1.jpg'><img loading=\"lazy\" decoding=\"async\" width=\"450\" height=\"450\" src=\"https:\/\/www.belvedereelba.it\/wp-content\/uploads\/2022\/12\/spiaggia-1-450x450.jpg\" class=\"attachment-thumbnail size-thumbnail\" alt=\"\" srcset=\"https:\/\/www.belvedereelba.it\/wp-content\/uploads\/2022\/12\/spiaggia-1-450x450.jpg 450w, https:\/\/www.belvedereelba.it\/wp-content\/uploads\/2022\/12\/spiaggia-1-85x85.jpg 85w, https:\/\/www.belvedereelba.it\/wp-content\/uploads\/2022\/12\/spiaggia-1-80x80.jpg 80w\" sizes=\"(max-width:767px) 450px, 450px\" \/><\/a>\n\t\t\t\t<\/dt><\/div><\/dl><br style=\"clear: both\" \/><dl class='gallery-item'  data-title='spiaggia 2' data-description=''><div class='gallery-item-wrapper'>\n\t\t\t\t<dt class='gallery-icon landscape'>\n\t\t\t\t\t<a href='https:\/\/www.belvedereelba.it\/wp-content\/uploads\/2022\/12\/spiaggia-2.jpg'><img loading=\"lazy\" decoding=\"async\" width=\"450\" height=\"450\" src=\"https:\/\/www.belvedereelba.it\/wp-content\/uploads\/2022\/12\/spiaggia-2-450x450.jpg\" class=\"attachment-thumbnail size-thumbnail\" alt=\"\" srcset=\"https:\/\/www.belvedereelba.it\/wp-content\/uploads\/2022\/12\/spiaggia-2-450x450.jpg 450w, https:\/\/www.belvedereelba.it\/wp-content\/uploads\/2022\/12\/spiaggia-2-85x85.jpg 85w, https:\/\/www.belvedereelba.it\/wp-content\/uploads\/2022\/12\/spiaggia-2-80x80.jpg 80w\" sizes=\"(max-width:767px) 450px, 450px\" \/><\/a>\n\t\t\t\t<\/dt><\/div><\/dl><dl class='gallery-item'  data-title='23' data-description=''><div class='gallery-item-wrapper'>\n\t\t\t\t<dt class='gallery-icon landscape'>\n\t\t\t\t\t<a href='https:\/\/www.belvedereelba.it\/wp-content\/uploads\/2024\/03\/23.jpg'><img loading=\"lazy\" decoding=\"async\" width=\"450\" height=\"450\" src=\"https:\/\/www.belvedereelba.it\/wp-content\/uploads\/2024\/03\/23-450x450.jpg\" class=\"attachment-thumbnail size-thumbnail\" alt=\"\" srcset=\"https:\/\/www.belvedereelba.it\/wp-content\/uploads\/2024\/03\/23-450x450.jpg 450w, https:\/\/www.belvedereelba.it\/wp-content\/uploads\/2024\/03\/23-150x150.jpg 150w\" sizes=\"(max-width:767px) 450px, 450px\" \/><\/a>\n\t\t\t\t<\/dt><\/div><\/dl><dl class='gallery-item'  data-title='24' data-description=''><div class='gallery-item-wrapper'>\n\t\t\t\t<dt class='gallery-icon portrait'>\n\t\t\t\t\t<a href='https:\/\/www.belvedereelba.it\/wp-content\/uploads\/2024\/03\/24.jpg'><img loading=\"lazy\" decoding=\"async\" width=\"450\" height=\"450\" src=\"https:\/\/www.belvedereelba.it\/wp-content\/uploads\/2024\/03\/24-450x450.jpg\" class=\"attachment-thumbnail size-thumbnail\" alt=\"\" srcset=\"https:\/\/www.belvedereelba.it\/wp-content\/uploads\/2024\/03\/24-450x450.jpg 450w, https:\/\/www.belvedereelba.it\/wp-content\/uploads\/2024\/03\/24-150x150.jpg 150w\" sizes=\"(max-width:767px) 450px, 450px\" \/><\/a>\n\t\t\t\t<\/dt><\/div><\/dl><br style=\"clear: both\" \/>\n\t\t\t<\/div>\n\t\t\t\t<\/div>\n\t\t\t\t<\/div>\n\t\t\t\t\t<\/div>\n\t\t<\/div>\n\t\t\t\t\t<\/div>\n\t\t<\/section>\n\t\t\t\t<\/div>\n\t\t","protected":false},"excerpt":{"rendered":"<p>Unsere 2 Str\u00e4nde nur 4 Minuten zu Fuss 200 m enfernt Die &#8222;Gr\u00fcne K\u00fcste&#8220; (eine Panoramastrasse von 6 km L\u00e4nge hinter Portoferraio) tr\u00e4gt ihren Namen wegen<span class=\"excerpt-hellip\"> [\u2026]<\/span><\/p>\n","protected":false},"author":1,"featured_media":3048,"parent":0,"menu_order":0,"comment_status":"closed","ping_status":"closed","template":"","meta":{"footnotes":""},"class_list":["post-1433","page","type-page","status-publish","has-post-thumbnail","hentry"],"_links":{"self":[{"href":"https:\/\/www.belvedereelba.it\/de\/wp-json\/wp\/v2\/pages\/1433","targetHints":{"allow":["GET"]}}],"collection":[{"href":"https:\/\/www.belvedereelba.it\/de\/wp-json\/wp\/v2\/pages"}],"about":[{"href":"https:\/\/www.belvedereelba.it\/de\/wp-json\/wp\/v2\/types\/page"}],"author":[{"embeddable":true,"href":"https:\/\/www.belvedereelba.it\/de\/wp-json\/wp\/v2\/users\/1"}],"replies":[{"embeddable":true,"href":"https:\/\/www.belvedereelba.it\/de\/wp-json\/wp\/v2\/comments?post=1433"}],"version-history":[{"count":5,"href":"https:\/\/www.belvedereelba.it\/de\/wp-json\/wp\/v2\/pages\/1433\/revisions"}],"predecessor-version":[{"id":3296,"href":"https:\/\/www.belvedereelba.it\/de\/wp-json\/wp\/v2\/pages\/1433\/revisions\/3296"}],"wp:featuredmedia":[{"embeddable":true,"href":"https:\/\/www.belvedereelba.it\/de\/wp-json\/wp\/v2\/media\/3048"}],"wp:attachment":[{"href":"https:\/\/www.belvedereelba.it\/de\/wp-json\/wp\/v2\/media?parent=1433"}],"curies":[{"name":"wp","href":"https:\/\/api.w.org\/{rel}","templated":true}]}}