{"id":1436,"date":"2021-03-31T10:56:32","date_gmt":"2021-03-31T08:56:32","guid":{"rendered":"https:\/\/www.belvedereelba.it\/traghetti\/"},"modified":"2025-02-11T13:02:23","modified_gmt":"2025-02-11T12:02:23","slug":"faehren","status":"publish","type":"page","link":"https:\/\/www.belvedereelba.it\/de\/faehren\/","title":{"rendered":"F\u00e4hren"},"content":{"rendered":"\t\t<div data-elementor-type=\"wp-page\" data-elementor-id=\"1436\" class=\"elementor elementor-1436 elementor-686\">\n\t\t\t\t\t\t<section class=\"elementor-section elementor-top-section elementor-element elementor-element-2d514772 elementor-section-boxed elementor-section-height-default elementor-section-height-default\" data-id=\"2d514772\" data-element_type=\"section\">\n\t\t\t\t\t\t<div class=\"elementor-container elementor-column-gap-default\">\n\t\t\t\t\t<div class=\"elementor-column elementor-col-100 elementor-top-column elementor-element elementor-element-3ac5b164\" data-id=\"3ac5b164\" data-element_type=\"column\">\n\t\t\t<div class=\"elementor-widget-wrap elementor-element-populated\">\n\t\t\t\t\t\t<div class=\"elementor-element elementor-element-7cd88d7a elementor-widget elementor-widget-heading\" data-id=\"7cd88d7a\" data-element_type=\"widget\" data-widget_type=\"heading.default\">\n\t\t\t\t<div class=\"elementor-widget-container\">\n\t\t\t\t\t<h1 class=\"elementor-heading-title elementor-size-default\">F\u00e4hren<\/h1>\t\t\t\t<\/div>\n\t\t\t\t<\/div>\n\t\t\t\t<div class=\"elementor-element elementor-element-4a2f4df0 elementor-widget elementor-widget-heading\" data-id=\"4a2f4df0\" data-element_type=\"widget\" data-widget_type=\"heading.default\">\n\t\t\t\t<div class=\"elementor-widget-container\">\n\t\t\t\t\t<h3 class=\"elementor-heading-title elementor-size-default\">Online Buchungen der F\u00e4hren zur Insel Elba<\/h3>\t\t\t\t<\/div>\n\t\t\t\t<\/div>\n\t\t\t\t\t<\/div>\n\t\t<\/div>\n\t\t\t\t\t<\/div>\n\t\t<\/section>\n\t\t\t\t<section class=\"elementor-section elementor-top-section elementor-element elementor-element-4ea09659 elementor-section-boxed elementor-section-height-default elementor-section-height-default\" data-id=\"4ea09659\" data-element_type=\"section\">\n\t\t\t\t\t\t<div class=\"elementor-container elementor-column-gap-default\">\n\t\t\t\t\t<div class=\"elementor-column elementor-col-100 elementor-top-column elementor-element elementor-element-59ca72b4\" data-id=\"59ca72b4\" data-element_type=\"column\">\n\t\t\t<div class=\"elementor-widget-wrap elementor-element-populated\">\n\t\t\t\t\t\t<div class=\"elementor-element elementor-element-2337458 elementor-widget elementor-widget-text-editor\" data-id=\"2337458\" data-element_type=\"widget\" data-widget_type=\"text-editor.default\">\n\t\t\t\t<div class=\"elementor-widget-container\">\n\t\t\t\t\t\t\t\t\t<p>Die Insel Elba ist mit der F\u00e4hre von Piombino Marittima aus erreichbar. Es gibt dort vier F\u00e4hrgesellschaften &#8211; Toremar, Blu Navy, Moby Lines und Corsica Ferries &#8211; die \u00fcber komfortable F\u00e4hrschiffe verf\u00fcgen und die die Insel mehrmals t\u00e4glich anfahren. In einer Stunde erreicht man die Insel Elba (zwischen Kontinent und Insel sind es 10 Km.) und seine H\u00e4fen von Portoferraio (der Haupthafen), Cavo und Rio Marina.<\/p>\n<p>Als Alternative gibt es auch eine Schnellverbindung mit dem Tragfl\u00e4chenboot, nur f\u00fcr Passagiere ohne Auto, die Portoferraio nach nur 35 Minuten erreicht.<\/p>\n<p>Sie wollen die F\u00e4hre buchen? Mit dem Buchungssystem f\u00fcr F\u00e4hren nach Elba k\u00f6nnen Sie Daten, Zeiten und die Verf\u00fcgbarkeit der \u00dcberfahrten (Toremar, Moby Lines, Blu Navy, Corsica Ferries) sehen, Preise vergleichen und Online die Fahrkarte buchen.<\/p>\n\t\t\t\t\t\t\t\t<\/div>\n\t\t\t\t<\/div>\n\t\t\t\t\t<\/div>\n\t\t<\/div>\n\t\t\t\t\t<\/div>\n\t\t<\/section>\n\t\t\t\t<section class=\"elementor-section elementor-top-section elementor-element elementor-element-7eeb4414 elementor-section-boxed elementor-section-height-default elementor-section-height-default\" data-id=\"7eeb4414\" data-element_type=\"section\">\n\t\t\t\t\t\t<div class=\"elementor-container elementor-column-gap-default\">\n\t\t\t\t\t<div class=\"elementor-column elementor-col-100 elementor-top-column elementor-element elementor-element-63e80c85\" data-id=\"63e80c85\" data-element_type=\"column\">\n\t\t\t<div class=\"elementor-widget-wrap elementor-element-populated\">\n\t\t\t\t\t\t<div class=\"elementor-element elementor-element-795e4644 elementor-widget elementor-widget-text-editor\" data-id=\"795e4644\" data-element_type=\"widget\" data-widget_type=\"text-editor.default\">\n\t\t\t\t<div class=\"elementor-widget-container\">\n\t\t\t\t\t\t\t\t\t<h2 style=\"text-align: center;\">Ein weiterer Grund bei uns zu buchen:<br \/>20% Rabatt auf die F\u00e4hre<\/h2>\t\t\t\t\t\t\t\t<\/div>\n\t\t\t\t<\/div>\n\t\t\t\t\t<\/div>\n\t\t<\/div>\n\t\t\t\t\t<\/div>\n\t\t<\/section>\n\t\t\t\t<section class=\"elementor-section elementor-top-section elementor-element elementor-element-2d57a308 elementor-section-boxed elementor-section-height-default elementor-section-height-default\" data-id=\"2d57a308\" data-element_type=\"section\">\n\t\t\t\t\t\t<div class=\"elementor-container elementor-column-gap-default\">\n\t\t\t\t\t<div class=\"elementor-column elementor-col-50 elementor-top-column elementor-element elementor-element-78d57d31\" data-id=\"78d57d31\" data-element_type=\"column\">\n\t\t\t<div class=\"elementor-widget-wrap elementor-element-populated\">\n\t\t\t\t\t\t<div class=\"elementor-element elementor-element-2aecb8a0 elementor-align-center elementor-widget elementor-widget-button\" data-id=\"2aecb8a0\" data-element_type=\"widget\" data-widget_type=\"button.default\">\n\t\t\t\t<div class=\"elementor-widget-container\">\n\t\t\t\t\t\t\t\t\t<div class=\"elementor-button-wrapper\">\n\t\t\t\t\t<a class=\"elementor-button elementor-button-link elementor-size-sm\" href=\"https:\/\/www.belvedereelba.it\/de\/faehren-moby-toremar\/\" id=\"sconto-traghetto\">\n\t\t\t\t\t\t<span class=\"elementor-button-content-wrapper\">\n\t\t\t\t\t\t\t\t\t<span class=\"elementor-button-text\">JETZT BUCHEN MOBY - TOREMAR<\/span>\n\t\t\t\t\t<\/span>\n\t\t\t\t\t<\/a>\n\t\t\t\t<\/div>\n\t\t\t\t\t\t\t\t<\/div>\n\t\t\t\t<\/div>\n\t\t\t\t<div class=\"elementor-element elementor-element-68efed42 elementor-widget elementor-widget-text-editor\" data-id=\"68efed42\" data-element_type=\"widget\" data-widget_type=\"text-editor.default\">\n\t\t\t\t<div class=\"elementor-widget-container\">\n\t\t\t\t\t\t\t\t\t<a href=\"https:\/\/www.belvedereelba.it\/de\/faehren-moby-toremar\/\" target=\"_blank\" rel=\"noopener\"><img fetchpriority=\"high\" decoding=\"async\" class=\"aligncenter wp-image-1863 size-full\" src=\"https:\/\/www.belvedereelba.it\/wp-content\/uploads\/2021\/05\/moby-toremar.png\" alt=\"\" width=\"350\" height=\"150\" srcset=\"https:\/\/www.belvedereelba.it\/wp-content\/uploads\/2021\/05\/moby-toremar.png 350w, https:\/\/www.belvedereelba.it\/wp-content\/uploads\/2021\/05\/moby-toremar-260x111.png 260w, https:\/\/www.belvedereelba.it\/wp-content\/uploads\/2021\/05\/moby-toremar-50x21.png 50w, https:\/\/www.belvedereelba.it\/wp-content\/uploads\/2021\/05\/moby-toremar-150x64.png 150w\" sizes=\"(max-width:767px) 350px, 350px\" \/><\/a>\t\t\t\t\t\t\t\t<\/div>\n\t\t\t\t<\/div>\n\t\t\t\t\t<\/div>\n\t\t<\/div>\n\t\t\t\t<div class=\"elementor-column elementor-col-50 elementor-top-column elementor-element elementor-element-7933df58\" data-id=\"7933df58\" data-element_type=\"column\">\n\t\t\t<div class=\"elementor-widget-wrap elementor-element-populated\">\n\t\t\t\t\t\t<div class=\"elementor-element elementor-element-4169be4 elementor-align-center elementor-widget elementor-widget-button\" data-id=\"4169be4\" data-element_type=\"widget\" data-widget_type=\"button.default\">\n\t\t\t\t<div class=\"elementor-widget-container\">\n\t\t\t\t\t\t\t\t\t<div class=\"elementor-button-wrapper\">\n\t\t\t\t\t<a class=\"elementor-button elementor-button-link elementor-size-sm\" href=\"https:\/\/www.belvedereelba.it\/de\/faehren-blunavy\/\" id=\"sconto-traghetto\">\n\t\t\t\t\t\t<span class=\"elementor-button-content-wrapper\">\n\t\t\t\t\t\t\t\t\t<span class=\"elementor-button-text\">JETZT BUCHEN BLUNAVY<\/span>\n\t\t\t\t\t<\/span>\n\t\t\t\t\t<\/a>\n\t\t\t\t<\/div>\n\t\t\t\t\t\t\t\t<\/div>\n\t\t\t\t<\/div>\n\t\t\t\t<div class=\"elementor-element elementor-element-594dc9a6 elementor-widget elementor-widget-text-editor\" data-id=\"594dc9a6\" data-element_type=\"widget\" data-widget_type=\"text-editor.default\">\n\t\t\t\t<div class=\"elementor-widget-container\">\n\t\t\t\t\t\t\t\t\t<a href=\"https:\/\/www.belvedereelba.it\/de\/faehren-blunavy\/\" target=\"_blank\" rel=\"noopener\"><img decoding=\"async\" class=\"aligncenter wp-image-1869 size-full\" src=\"https:\/\/www.belvedereelba.it\/wp-content\/uploads\/2021\/05\/blunavy.png\" alt=\"\" width=\"350\" height=\"150\" srcset=\"https:\/\/www.belvedereelba.it\/wp-content\/uploads\/2021\/05\/blunavy.png 350w, https:\/\/www.belvedereelba.it\/wp-content\/uploads\/2021\/05\/blunavy-260x111.png 260w, https:\/\/www.belvedereelba.it\/wp-content\/uploads\/2021\/05\/blunavy-50x21.png 50w, https:\/\/www.belvedereelba.it\/wp-content\/uploads\/2021\/05\/blunavy-150x64.png 150w\" sizes=\"(max-width:767px) 350px, 350px\" \/><\/a>\t\t\t\t\t\t\t\t<\/div>\n\t\t\t\t<\/div>\n\t\t\t\t\t<\/div>\n\t\t<\/div>\n\t\t\t\t\t<\/div>\n\t\t<\/section>\n\t\t\t\t<section class=\"elementor-section elementor-top-section elementor-element elementor-element-65ddf4b9 elementor-section-boxed elementor-section-height-default elementor-section-height-default\" data-id=\"65ddf4b9\" data-element_type=\"section\">\n\t\t\t\t\t\t<div class=\"elementor-container elementor-column-gap-default\">\n\t\t\t\t\t<div class=\"elementor-column elementor-col-100 elementor-top-column elementor-element elementor-element-6e27209\" data-id=\"6e27209\" data-element_type=\"column\">\n\t\t\t<div class=\"elementor-widget-wrap elementor-element-populated\">\n\t\t\t\t\t\t<div class=\"elementor-element elementor-element-3482f90a elementor-widget elementor-widget-text-editor\" data-id=\"3482f90a\" data-element_type=\"widget\" data-widget_type=\"text-editor.default\">\n\t\t\t\t<div class=\"elementor-widget-container\">\n\t\t\t\t\t\t\t\t\t<h3 style=\"text-align: center;\">Der Code, den Sie eingeben m\u00fcssen, um den Rabatt zu erhalten, wird Ihnen in der E-Mail mit der Buchungsbest\u00e4tigung mitgeteilt.<\/h3>\t\t\t\t\t\t\t\t<\/div>\n\t\t\t\t<\/div>\n\t\t\t\t\t<\/div>\n\t\t<\/div>\n\t\t\t\t\t<\/div>\n\t\t<\/section>\n\t\t\t\t<\/div>\n\t\t","protected":false},"excerpt":{"rendered":"<p>F\u00e4hren Online Buchungen der F\u00e4hren zur Insel Elba Die Insel Elba ist mit der F\u00e4hre von Piombino Marittima aus erreichbar. Es gibt dort vier F\u00e4hrgesellschaften &#8211;<span class=\"excerpt-hellip\"> [\u2026]<\/span><\/p>\n","protected":false},"author":1,"featured_media":0,"parent":0,"menu_order":0,"comment_status":"closed","ping_status":"closed","template":"","meta":{"footnotes":""},"class_list":["post-1436","page","type-page","status-publish","hentry"],"_links":{"self":[{"href":"https:\/\/www.belvedereelba.it\/de\/wp-json\/wp\/v2\/pages\/1436","targetHints":{"allow":["GET"]}}],"collection":[{"href":"https:\/\/www.belvedereelba.it\/de\/wp-json\/wp\/v2\/pages"}],"about":[{"href":"https:\/\/www.belvedereelba.it\/de\/wp-json\/wp\/v2\/types\/page"}],"author":[{"embeddable":true,"href":"https:\/\/www.belvedereelba.it\/de\/wp-json\/wp\/v2\/users\/1"}],"replies":[{"embeddable":true,"href":"https:\/\/www.belvedereelba.it\/de\/wp-json\/wp\/v2\/comments?post=1436"}],"version-history":[{"count":5,"href":"https:\/\/www.belvedereelba.it\/de\/wp-json\/wp\/v2\/pages\/1436\/revisions"}],"predecessor-version":[{"id":2989,"href":"https:\/\/www.belvedereelba.it\/de\/wp-json\/wp\/v2\/pages\/1436\/revisions\/2989"}],"wp:attachment":[{"href":"https:\/\/www.belvedereelba.it\/de\/wp-json\/wp\/v2\/media?parent=1436"}],"curies":[{"name":"wp","href":"https:\/\/api.w.org\/{rel}","templated":true}]}}