{"id":1449,"date":"2021-03-30T12:10:49","date_gmt":"2021-03-30T10:10:49","guid":{"rendered":"https:\/\/www.belvedereelba.it\/villetta\/"},"modified":"2022-12-07T12:47:40","modified_gmt":"2022-12-07T11:47:40","slug":"villetta","status":"publish","type":"page","link":"https:\/\/www.belvedereelba.it\/de\/villetta\/","title":{"rendered":"Villetta"},"content":{"rendered":"\t\t<div data-elementor-type=\"wp-page\" data-elementor-id=\"1449\" class=\"elementor elementor-1449 elementor-610\">\n\t\t\t\t\t\t<section class=\"elementor-section elementor-top-section elementor-element elementor-element-1163f412 elementor-section-boxed elementor-section-height-default elementor-section-height-default\" data-id=\"1163f412\" data-element_type=\"section\">\n\t\t\t\t\t\t<div class=\"elementor-container elementor-column-gap-default\">\n\t\t\t\t\t<div class=\"elementor-column elementor-col-100 elementor-top-column elementor-element elementor-element-767de47b\" data-id=\"767de47b\" data-element_type=\"column\">\n\t\t\t<div class=\"elementor-widget-wrap elementor-element-populated\">\n\t\t\t\t\t\t<div class=\"elementor-element elementor-element-7e43dc2 elementor-widget elementor-widget-heading\" data-id=\"7e43dc2\" data-element_type=\"widget\" data-widget_type=\"heading.default\">\n\t\t\t\t<div class=\"elementor-widget-container\">\n\t\t\t\t\t<h1 class=\"elementor-heading-title elementor-size-default\">Villetta<\/h1>\t\t\t\t<\/div>\n\t\t\t\t<\/div>\n\t\t\t\t\t<\/div>\n\t\t<\/div>\n\t\t\t\t\t<\/div>\n\t\t<\/section>\n\t\t\t\t<section class=\"elementor-section elementor-top-section elementor-element elementor-element-56bb20b2 elementor-section-boxed elementor-section-height-default elementor-section-height-default\" data-id=\"56bb20b2\" data-element_type=\"section\">\n\t\t\t\t\t\t<div class=\"elementor-container elementor-column-gap-default\">\n\t\t\t\t\t<div class=\"elementor-column elementor-col-100 elementor-top-column elementor-element elementor-element-69e084d6\" data-id=\"69e084d6\" data-element_type=\"column\">\n\t\t\t<div class=\"elementor-widget-wrap elementor-element-populated\">\n\t\t\t\t\t\t<div class=\"elementor-element elementor-element-5e9070c1 elementor-widget elementor-widget-text-editor\" data-id=\"5e9070c1\" data-element_type=\"widget\" data-widget_type=\"text-editor.default\">\n\t\t\t\t<div class=\"elementor-widget-container\">\n\t\t\t\t\t\t\t\t\t<p><strong>&#8222;Villetta&#8220; Freistehendes kleines Hauschen mit 4 Schlafpl\u00e4tzen auf 40 qm<\/strong>: Wohnbereich mit ausziehbarem Schlafsofa 1 oder 2 Personen und voll ausgestatteter K\u00fcche, ein Schlafzimmer f\u00fcr 2 Personen und Badezimmer. Teil\u00fcberdachte m\u00f6blierte Terrasse und von dort direkten Zugang zum Garten.<\/p>\t\t\t\t\t\t\t\t<\/div>\n\t\t\t\t<\/div>\n\t\t\t\t\t<\/div>\n\t\t<\/div>\n\t\t\t\t\t<\/div>\n\t\t<\/section>\n\t\t\t\t<section class=\"elementor-section elementor-top-section elementor-element elementor-element-3358b6df elementor-section-boxed elementor-section-height-default elementor-section-height-default\" data-id=\"3358b6df\" data-element_type=\"section\">\n\t\t\t\t\t\t<div class=\"elementor-container elementor-column-gap-default\">\n\t\t\t\t\t<div class=\"elementor-column elementor-col-100 elementor-top-column elementor-element elementor-element-3c686d50\" data-id=\"3c686d50\" data-element_type=\"column\">\n\t\t\t<div class=\"elementor-widget-wrap elementor-element-populated\">\n\t\t\t\t\t\t<div class=\"elementor-element elementor-element-39bb201e elementor-widget elementor-widget-mfn_gallery\" data-id=\"39bb201e\" data-element_type=\"widget\" data-widget_type=\"mfn_gallery.default\">\n\t\t\t\t<div class=\"elementor-widget-container\">\n\t\t\t\t\t\n\t\t\t<style type='text\/css'>\n\t\t\t\t#sc_gallery-1 {\n\t\t\t\t\tmargin: auto;\n\t\t\t\t}\n\t\t\t\t#sc_gallery-1 .gallery-item {\n\t\t\t\t\tfloat: left;\n\t\t\t\t\ttext-align: center;\n\t\t\t\t\twidth: 33.33%;\n\t\t\t\t}\n\t\t\t\t#sc_gallery-1 img {\n\t\t\t\t\tborder: 2px solid #cfcfcf;\n\t\t\t\t}\n\t\t\t\t\/* see sc_gallery() in functions\/theme-shortcodes.php *\/\n\t\t\t<\/style>\n\t\t<div id='sc_gallery-1' class='gallery galleryid-1449 gallery-columns-3 gallery-size-thumbnail file element_classes gallery-default'><dl class='gallery-item'  data-title='764' data-description=''><div class='gallery-item-wrapper'>\n\t\t\t\t<dt class='gallery-icon portrait'>\n\t\t\t\t\t<a href='https:\/\/www.belvedereelba.it\/wp-content\/uploads\/2022\/12\/764.jpg'><img fetchpriority=\"high\" decoding=\"async\" width=\"450\" height=\"450\" src=\"https:\/\/www.belvedereelba.it\/wp-content\/uploads\/2022\/12\/764-450x450.jpg\" class=\"attachment-thumbnail size-thumbnail\" alt=\"\" srcset=\"https:\/\/www.belvedereelba.it\/wp-content\/uploads\/2022\/12\/764-450x450.jpg 450w, https:\/\/www.belvedereelba.it\/wp-content\/uploads\/2022\/12\/764-85x85.jpg 85w, https:\/\/www.belvedereelba.it\/wp-content\/uploads\/2022\/12\/764-80x80.jpg 80w\" sizes=\"(max-width:767px) 450px, 450px\" \/><\/a>\n\t\t\t\t<\/dt><\/div><\/dl><dl class='gallery-item'  data-title='770' data-description=''><div class='gallery-item-wrapper'>\n\t\t\t\t<dt class='gallery-icon portrait'>\n\t\t\t\t\t<a href='https:\/\/www.belvedereelba.it\/wp-content\/uploads\/2022\/12\/770.jpg'><img decoding=\"async\" width=\"450\" height=\"450\" src=\"https:\/\/www.belvedereelba.it\/wp-content\/uploads\/2022\/12\/770-450x450.jpg\" class=\"attachment-thumbnail size-thumbnail\" alt=\"\" srcset=\"https:\/\/www.belvedereelba.it\/wp-content\/uploads\/2022\/12\/770-450x450.jpg 450w, https:\/\/www.belvedereelba.it\/wp-content\/uploads\/2022\/12\/770-85x85.jpg 85w, https:\/\/www.belvedereelba.it\/wp-content\/uploads\/2022\/12\/770-80x80.jpg 80w\" sizes=\"(max-width:767px) 450px, 450px\" \/><\/a>\n\t\t\t\t<\/dt><\/div><\/dl><dl class='gallery-item'  data-title='773' data-description=''><div class='gallery-item-wrapper'>\n\t\t\t\t<dt class='gallery-icon portrait'>\n\t\t\t\t\t<a href='https:\/\/www.belvedereelba.it\/wp-content\/uploads\/2022\/12\/773.jpg'><img decoding=\"async\" width=\"450\" height=\"450\" src=\"https:\/\/www.belvedereelba.it\/wp-content\/uploads\/2022\/12\/773-450x450.jpg\" class=\"attachment-thumbnail size-thumbnail\" alt=\"\" srcset=\"https:\/\/www.belvedereelba.it\/wp-content\/uploads\/2022\/12\/773-450x450.jpg 450w, https:\/\/www.belvedereelba.it\/wp-content\/uploads\/2022\/12\/773-85x85.jpg 85w, https:\/\/www.belvedereelba.it\/wp-content\/uploads\/2022\/12\/773-80x80.jpg 80w\" sizes=\"(max-width:767px) 450px, 450px\" \/><\/a>\n\t\t\t\t<\/dt><\/div><\/dl><br style=\"clear: both\" \/><dl class='gallery-item'  data-title='777' data-description=''><div class='gallery-item-wrapper'>\n\t\t\t\t<dt class='gallery-icon portrait'>\n\t\t\t\t\t<a href='https:\/\/www.belvedereelba.it\/wp-content\/uploads\/2022\/12\/777.jpg'><img loading=\"lazy\" decoding=\"async\" width=\"450\" height=\"450\" src=\"https:\/\/www.belvedereelba.it\/wp-content\/uploads\/2022\/12\/777-450x450.jpg\" class=\"attachment-thumbnail size-thumbnail\" alt=\"\" srcset=\"https:\/\/www.belvedereelba.it\/wp-content\/uploads\/2022\/12\/777-450x450.jpg 450w, https:\/\/www.belvedereelba.it\/wp-content\/uploads\/2022\/12\/777-85x85.jpg 85w, https:\/\/www.belvedereelba.it\/wp-content\/uploads\/2022\/12\/777-80x80.jpg 80w\" sizes=\"(max-width:767px) 450px, 450px\" \/><\/a>\n\t\t\t\t<\/dt><\/div><\/dl><dl class='gallery-item'  data-title='779' data-description=''><div class='gallery-item-wrapper'>\n\t\t\t\t<dt class='gallery-icon landscape'>\n\t\t\t\t\t<a href='https:\/\/www.belvedereelba.it\/wp-content\/uploads\/2022\/12\/779.jpg'><img loading=\"lazy\" decoding=\"async\" width=\"450\" height=\"450\" src=\"https:\/\/www.belvedereelba.it\/wp-content\/uploads\/2022\/12\/779-450x450.jpg\" class=\"attachment-thumbnail size-thumbnail\" alt=\"\" srcset=\"https:\/\/www.belvedereelba.it\/wp-content\/uploads\/2022\/12\/779-450x450.jpg 450w, https:\/\/www.belvedereelba.it\/wp-content\/uploads\/2022\/12\/779-85x85.jpg 85w, https:\/\/www.belvedereelba.it\/wp-content\/uploads\/2022\/12\/779-80x80.jpg 80w\" sizes=\"(max-width:767px) 450px, 450px\" \/><\/a>\n\t\t\t\t<\/dt><\/div><\/dl><dl class='gallery-item'  data-title='780' data-description=''><div class='gallery-item-wrapper'>\n\t\t\t\t<dt class='gallery-icon landscape'>\n\t\t\t\t\t<a href='https:\/\/www.belvedereelba.it\/wp-content\/uploads\/2022\/12\/780.jpg'><img loading=\"lazy\" decoding=\"async\" width=\"450\" height=\"450\" src=\"https:\/\/www.belvedereelba.it\/wp-content\/uploads\/2022\/12\/780-450x450.jpg\" class=\"attachment-thumbnail size-thumbnail\" alt=\"\" srcset=\"https:\/\/www.belvedereelba.it\/wp-content\/uploads\/2022\/12\/780-450x450.jpg 450w, https:\/\/www.belvedereelba.it\/wp-content\/uploads\/2022\/12\/780-85x85.jpg 85w, https:\/\/www.belvedereelba.it\/wp-content\/uploads\/2022\/12\/780-80x80.jpg 80w\" sizes=\"(max-width:767px) 450px, 450px\" \/><\/a>\n\t\t\t\t<\/dt><\/div><\/dl><br style=\"clear: both\" \/><dl class='gallery-item'  data-title='783' data-description=''><div class='gallery-item-wrapper'>\n\t\t\t\t<dt class='gallery-icon portrait'>\n\t\t\t\t\t<a href='https:\/\/www.belvedereelba.it\/wp-content\/uploads\/2022\/12\/783.jpg'><img loading=\"lazy\" decoding=\"async\" width=\"450\" height=\"450\" src=\"https:\/\/www.belvedereelba.it\/wp-content\/uploads\/2022\/12\/783-450x450.jpg\" class=\"attachment-thumbnail size-thumbnail\" alt=\"\" srcset=\"https:\/\/www.belvedereelba.it\/wp-content\/uploads\/2022\/12\/783-450x450.jpg 450w, https:\/\/www.belvedereelba.it\/wp-content\/uploads\/2022\/12\/783-85x85.jpg 85w, https:\/\/www.belvedereelba.it\/wp-content\/uploads\/2022\/12\/783-80x80.jpg 80w\" sizes=\"(max-width:767px) 450px, 450px\" \/><\/a>\n\t\t\t\t<\/dt><\/div><\/dl><dl class='gallery-item'  data-title='785' data-description=''><div class='gallery-item-wrapper'>\n\t\t\t\t<dt class='gallery-icon portrait'>\n\t\t\t\t\t<a href='https:\/\/www.belvedereelba.it\/wp-content\/uploads\/2022\/12\/785.jpg'><img loading=\"lazy\" decoding=\"async\" width=\"450\" height=\"450\" src=\"https:\/\/www.belvedereelba.it\/wp-content\/uploads\/2022\/12\/785-450x450.jpg\" class=\"attachment-thumbnail size-thumbnail\" alt=\"\" srcset=\"https:\/\/www.belvedereelba.it\/wp-content\/uploads\/2022\/12\/785-450x450.jpg 450w, https:\/\/www.belvedereelba.it\/wp-content\/uploads\/2022\/12\/785-85x85.jpg 85w, https:\/\/www.belvedereelba.it\/wp-content\/uploads\/2022\/12\/785-80x80.jpg 80w\" sizes=\"(max-width:767px) 450px, 450px\" \/><\/a>\n\t\t\t\t<\/dt><\/div><\/dl><dl class='gallery-item'  data-title='794' data-description=''><div class='gallery-item-wrapper'>\n\t\t\t\t<dt class='gallery-icon landscape'>\n\t\t\t\t\t<a href='https:\/\/www.belvedereelba.it\/wp-content\/uploads\/2022\/12\/794.jpg'><img loading=\"lazy\" decoding=\"async\" width=\"450\" height=\"450\" src=\"https:\/\/www.belvedereelba.it\/wp-content\/uploads\/2022\/12\/794-450x450.jpg\" class=\"attachment-thumbnail size-thumbnail\" alt=\"\" srcset=\"https:\/\/www.belvedereelba.it\/wp-content\/uploads\/2022\/12\/794-450x450.jpg 450w, https:\/\/www.belvedereelba.it\/wp-content\/uploads\/2022\/12\/794-85x85.jpg 85w, https:\/\/www.belvedereelba.it\/wp-content\/uploads\/2022\/12\/794-80x80.jpg 80w\" sizes=\"(max-width:767px) 450px, 450px\" \/><\/a>\n\t\t\t\t<\/dt><\/div><\/dl><br style=\"clear: both\" \/><dl class='gallery-item'  data-title='IMG_2265' data-description=''><div class='gallery-item-wrapper'>\n\t\t\t\t<dt class='gallery-icon landscape'>\n\t\t\t\t\t<a href='https:\/\/www.belvedereelba.it\/wp-content\/uploads\/2022\/12\/IMG_2265.jpg'><img loading=\"lazy\" decoding=\"async\" width=\"450\" height=\"450\" src=\"https:\/\/www.belvedereelba.it\/wp-content\/uploads\/2022\/12\/IMG_2265-450x450.jpg\" class=\"attachment-thumbnail size-thumbnail\" alt=\"\" srcset=\"https:\/\/www.belvedereelba.it\/wp-content\/uploads\/2022\/12\/IMG_2265-450x450.jpg 450w, https:\/\/www.belvedereelba.it\/wp-content\/uploads\/2022\/12\/IMG_2265-85x85.jpg 85w, https:\/\/www.belvedereelba.it\/wp-content\/uploads\/2022\/12\/IMG_2265-80x80.jpg 80w\" sizes=\"(max-width:767px) 450px, 450px\" \/><\/a>\n\t\t\t\t<\/dt><\/div><\/dl><dl class='gallery-item'  data-title='IMG_2272' data-description=''><div class='gallery-item-wrapper'>\n\t\t\t\t<dt class='gallery-icon landscape'>\n\t\t\t\t\t<a href='https:\/\/www.belvedereelba.it\/wp-content\/uploads\/2022\/12\/IMG_2272.jpg'><img loading=\"lazy\" decoding=\"async\" width=\"450\" height=\"450\" src=\"https:\/\/www.belvedereelba.it\/wp-content\/uploads\/2022\/12\/IMG_2272-450x450.jpg\" class=\"attachment-thumbnail size-thumbnail\" alt=\"\" srcset=\"https:\/\/www.belvedereelba.it\/wp-content\/uploads\/2022\/12\/IMG_2272-450x450.jpg 450w, https:\/\/www.belvedereelba.it\/wp-content\/uploads\/2022\/12\/IMG_2272-85x85.jpg 85w, https:\/\/www.belvedereelba.it\/wp-content\/uploads\/2022\/12\/IMG_2272-80x80.jpg 80w\" sizes=\"(max-width:767px) 450px, 450px\" \/><\/a>\n\t\t\t\t<\/dt><\/div><\/dl>\n\t\t\t\t<br style='clear: both' \/>\n\t\t\t<\/div>\n\t\t\t\t<\/div>\n\t\t\t\t<\/div>\n\t\t\t\t\t<\/div>\n\t\t<\/div>\n\t\t\t\t\t<\/div>\n\t\t<\/section>\n\t\t\t\t<\/div>\n\t\t","protected":false},"excerpt":{"rendered":"<p>Villetta &#8222;Villetta&#8220; Freistehendes kleines Hauschen mit 4 Schlafpl\u00e4tzen auf 40 qm: Wohnbereich mit ausziehbarem Schlafsofa 1 oder 2 Personen und voll ausgestatteter K\u00fcche, ein Schlafzimmer f\u00fcr<span class=\"excerpt-hellip\"> [\u2026]<\/span><\/p>\n","protected":false},"author":1,"featured_media":0,"parent":0,"menu_order":0,"comment_status":"closed","ping_status":"closed","template":"","meta":{"footnotes":""},"class_list":["post-1449","page","type-page","status-publish","hentry"],"_links":{"self":[{"href":"https:\/\/www.belvedereelba.it\/de\/wp-json\/wp\/v2\/pages\/1449","targetHints":{"allow":["GET"]}}],"collection":[{"href":"https:\/\/www.belvedereelba.it\/de\/wp-json\/wp\/v2\/pages"}],"about":[{"href":"https:\/\/www.belvedereelba.it\/de\/wp-json\/wp\/v2\/types\/page"}],"author":[{"embeddable":true,"href":"https:\/\/www.belvedereelba.it\/de\/wp-json\/wp\/v2\/users\/1"}],"replies":[{"embeddable":true,"href":"https:\/\/www.belvedereelba.it\/de\/wp-json\/wp\/v2\/comments?post=1449"}],"version-history":[{"count":5,"href":"https:\/\/www.belvedereelba.it\/de\/wp-json\/wp\/v2\/pages\/1449\/revisions"}],"predecessor-version":[{"id":2401,"href":"https:\/\/www.belvedereelba.it\/de\/wp-json\/wp\/v2\/pages\/1449\/revisions\/2401"}],"wp:attachment":[{"href":"https:\/\/www.belvedereelba.it\/de\/wp-json\/wp\/v2\/media?parent=1449"}],"curies":[{"name":"wp","href":"https:\/\/api.w.org\/{rel}","templated":true}]}}